{"id":109,"date":"2023-02-08T21:00:22","date_gmt":"2023-02-08T21:00:22","guid":{"rendered":"http:\/\/tingvoll.net\/kirka\/?page_id=109"},"modified":"2023-02-08T21:00:24","modified_gmt":"2023-02-08T21:00:24","slug":"apning-i-veggen","status":"publish","type":"page","link":"http:\/\/tingvoll.net\/kirka\/apning-i-veggen\/","title":{"rendered":"\u00c5pning i veggen"},"content":{"rendered":"\n<div class=\"wp-block-media-text alignwide is-stacked-on-mobile\"><figure class=\"wp-block-media-text__media\"><img loading=\"lazy\" decoding=\"async\" width=\"640\" height=\"480\" src=\"https:\/\/tingvoll.net\/kirka\/wp-content\/uploads\/2023\/02\/vapenh.jpg\" alt=\"\" class=\"wp-image-110 size-full\" srcset=\"http:\/\/tingvoll.net\/kirka\/wp-content\/uploads\/2023\/02\/vapenh.jpg 640w, http:\/\/tingvoll.net\/kirka\/wp-content\/uploads\/2023\/02\/vapenh-300x225.jpg 300w\" sizes=\"auto, (max-width: 640px) 100vw, 640px\" \/><\/figure><div class=\"wp-block-media-text__content\">\n<p>Tett ved v\u00e5penhuset er det en st\u00f8rre \u00e5pning i muren. Innenfor er det et mannsh\u00f8yt rom med et lite &laquo;kikkhull&raquo; \u00f8verst. Trolig har det her i katolsk tid v\u00e6rt rom for en helgenfigur som folk tilbad og korset seg foran, slik som foran patriarkkorset i korveggen. <\/p>\n\n\n\n<p>V\u00e5penhuset er fra tidlig p\u00e5 1600-tallet, kanskje enda eldre. I eldre tid m\u00e5tte h\u00e6rmenn og soldater legge fra seg sine v\u00e5pen her f\u00f8r de gikk inn i kirken. Derav navnet v\u00e5penhus. Fra f\u00f8rst av var det trolig ikke noe tilbygg foran inngangen til kirken. Det hindrer da ogs\u00e5 synet av den vakre marmorportalen. Et stykke oppe p\u00e5 veggen, n\u00e6r underkanten av vinduet, ser vi en innmurt marmorsten med romertall.<\/p>\n<\/div><\/div>\n","protected":false},"excerpt":{"rendered":"<p>Tett ved v\u00e5penhuset er det en st\u00f8rre \u00e5pning i muren. Innenfor er det et mannsh\u00f8yt rom med et lite &laquo;kikkhull&raquo; \u00f8verst. Trolig har det her i katolsk tid v\u00e6rt rom for en helgenfigur som folk tilbad og korset seg foran, slik som foran patriarkkorset i korveggen. V\u00e5penhuset er fra tidlig p\u00e5 1600-tallet, kanskje enda eldre. &#8230; <a title=\"\u00c5pning i veggen\" class=\"read-more\" href=\"http:\/\/tingvoll.net\/kirka\/apning-i-veggen\/\" aria-label=\"Read more about \u00c5pning i veggen\">Les mer<\/a><\/p>\n","protected":false},"author":1,"featured_media":0,"parent":0,"menu_order":0,"comment_status":"closed","ping_status":"closed","template":"","meta":{"footnotes":""},"class_list":["post-109","page","type-page","status-publish"],"_links":{"self":[{"href":"http:\/\/tingvoll.net\/kirka\/wp-json\/wp\/v2\/pages\/109","targetHints":{"allow":["GET"]}}],"collection":[{"href":"http:\/\/tingvoll.net\/kirka\/wp-json\/wp\/v2\/pages"}],"about":[{"href":"http:\/\/tingvoll.net\/kirka\/wp-json\/wp\/v2\/types\/page"}],"author":[{"embeddable":true,"href":"http:\/\/tingvoll.net\/kirka\/wp-json\/wp\/v2\/users\/1"}],"replies":[{"embeddable":true,"href":"http:\/\/tingvoll.net\/kirka\/wp-json\/wp\/v2\/comments?post=109"}],"version-history":[{"count":1,"href":"http:\/\/tingvoll.net\/kirka\/wp-json\/wp\/v2\/pages\/109\/revisions"}],"predecessor-version":[{"id":111,"href":"http:\/\/tingvoll.net\/kirka\/wp-json\/wp\/v2\/pages\/109\/revisions\/111"}],"wp:attachment":[{"href":"http:\/\/tingvoll.net\/kirka\/wp-json\/wp\/v2\/media?parent=109"}],"curies":[{"name":"wp","href":"https:\/\/api.w.org\/{rel}","templated":true}]}}