{"id":116,"date":"2023-02-08T21:03:39","date_gmt":"2023-02-08T21:03:39","guid":{"rendered":"http:\/\/tingvoll.net\/kirka\/?page_id=116"},"modified":"2023-02-08T21:03:40","modified_gmt":"2023-02-08T21:03:40","slug":"soluret","status":"publish","type":"page","link":"http:\/\/tingvoll.net\/kirka\/soluret\/","title":{"rendered":"Soluret"},"content":{"rendered":"\n<div class=\"wp-block-media-text alignwide is-stacked-on-mobile\"><figure class=\"wp-block-media-text__media\"><img loading=\"lazy\" decoding=\"async\" width=\"500\" height=\"292\" src=\"https:\/\/tingvoll.net\/kirka\/wp-content\/uploads\/2023\/02\/solur.jpg\" alt=\"\" class=\"wp-image-117 size-full\" srcset=\"http:\/\/tingvoll.net\/kirka\/wp-content\/uploads\/2023\/02\/solur.jpg 500w, http:\/\/tingvoll.net\/kirka\/wp-content\/uploads\/2023\/02\/solur-300x175.jpg 300w\" sizes=\"auto, (max-width: 500px) 100vw, 500px\" \/><\/figure><div class=\"wp-block-media-text__content\">\n<p>Det er et solur. En metallplate eller metallfl\u00f8y kaster skygge p\u00e5 tallene n\u00e5r solen skinner. Etterhvert som solen &laquo;beveger&raquo; seg fra \u00f8st mot vest, eller mer korrekt: etterhvert som jorkulen roterer fra vest mot \u00f8st, vil skyggen flytte seg fra venstre klokken. 6 om morgenen til klokken 12 middag og videre mot h\u00f8yre til klokken 6 om kvelden. Det h\u00f8ye v\u00e5penhustaket vil til visse tider av \u00e5ret kaste skygge p\u00e5 soluret om kvelden. <\/p>\n\n\n\n<p>Ogs\u00e5 det m\u00e5 v\u00e6re en indikasjon p\u00e5 at kirken fra f\u00f8rst av ikke hadde slikt tilbygg. I katolsk tid kunne soluret, vel \u00e5 merke i klart v\u00e6r, v\u00e6re til rettledning for prestene ved messehold og tideb\u00f8nner &#8211; 8 i alt &#8211; som de skulle passe p\u00e5. I 1973 ble soluret restaurert av Auden Nedal med ny og justert skyggekaster av messing. Bokstavene HT i det ene hj\u00f8rnet av stenen kan tyde p\u00e5 at den astronomisk interesserte presten Hans Nielsen Tausan ogs\u00e5 kan ha hatt noe med soluret \u00e5 gj\u00f8re.<\/p>\n<\/div><\/div>\n","protected":false},"excerpt":{"rendered":"<p>Det er et solur. En metallplate eller metallfl\u00f8y kaster skygge p\u00e5 tallene n\u00e5r solen skinner. Etterhvert som solen &laquo;beveger&raquo; seg fra \u00f8st mot vest, eller mer korrekt: etterhvert som jorkulen roterer fra vest mot \u00f8st, vil skyggen flytte seg fra venstre klokken. 6 om morgenen til klokken 12 middag og videre mot h\u00f8yre til klokken &#8230; <a title=\"Soluret\" class=\"read-more\" href=\"http:\/\/tingvoll.net\/kirka\/soluret\/\" aria-label=\"Read more about Soluret\">Les mer<\/a><\/p>\n","protected":false},"author":1,"featured_media":0,"parent":0,"menu_order":0,"comment_status":"closed","ping_status":"closed","template":"","meta":{"footnotes":""},"class_list":["post-116","page","type-page","status-publish"],"_links":{"self":[{"href":"http:\/\/tingvoll.net\/kirka\/wp-json\/wp\/v2\/pages\/116","targetHints":{"allow":["GET"]}}],"collection":[{"href":"http:\/\/tingvoll.net\/kirka\/wp-json\/wp\/v2\/pages"}],"about":[{"href":"http:\/\/tingvoll.net\/kirka\/wp-json\/wp\/v2\/types\/page"}],"author":[{"embeddable":true,"href":"http:\/\/tingvoll.net\/kirka\/wp-json\/wp\/v2\/users\/1"}],"replies":[{"embeddable":true,"href":"http:\/\/tingvoll.net\/kirka\/wp-json\/wp\/v2\/comments?post=116"}],"version-history":[{"count":1,"href":"http:\/\/tingvoll.net\/kirka\/wp-json\/wp\/v2\/pages\/116\/revisions"}],"predecessor-version":[{"id":118,"href":"http:\/\/tingvoll.net\/kirka\/wp-json\/wp\/v2\/pages\/116\/revisions\/118"}],"wp:attachment":[{"href":"http:\/\/tingvoll.net\/kirka\/wp-json\/wp\/v2\/media?parent=116"}],"curies":[{"name":"wp","href":"https:\/\/api.w.org\/{rel}","templated":true}]}}