{"id":135,"date":"2023-02-08T21:26:22","date_gmt":"2023-02-08T21:26:22","guid":{"rendered":"http:\/\/tingvoll.net\/kirka\/?page_id=135"},"modified":"2023-02-08T21:26:24","modified_gmt":"2023-02-08T21:26:24","slug":"vapenhusets-innside","status":"publish","type":"page","link":"http:\/\/tingvoll.net\/kirka\/vapenhusets-innside\/","title":{"rendered":"V\u00e5penhusets innside"},"content":{"rendered":"\n<div class=\"wp-block-media-text alignwide is-stacked-on-mobile\"><figure class=\"wp-block-media-text__media\"><img loading=\"lazy\" decoding=\"async\" width=\"640\" height=\"480\" src=\"https:\/\/tingvoll.net\/kirka\/wp-content\/uploads\/2023\/02\/rankemal.jpg\" alt=\"\" class=\"wp-image-136 size-full\" srcset=\"http:\/\/tingvoll.net\/kirka\/wp-content\/uploads\/2023\/02\/rankemal.jpg 640w, http:\/\/tingvoll.net\/kirka\/wp-content\/uploads\/2023\/02\/rankemal-300x225.jpg 300w\" sizes=\"auto, (max-width: 640px) 100vw, 640px\" \/><\/figure><div class=\"wp-block-media-text__content\">\n<p>Bildet viser en del av rankemaleriene p\u00e5 innsiden av v\u00e5penhuset. I sin tid har den vakre utsmykningen av veggene f\u00e5tt en stygg medfart. Det var kanskje i 1837 da v\u00e5penhuset ble revet ned og bygget opp igjen. <br><br>For \u00e5 f\u00e5 feste for en slags vegg-rapping av leirpuss blandet med halm, er det blitt hugget hakk i stokkene. Ved restaureringen ble hakkene limet til s\u00e5 godt det lot seg gj\u00f8re.<\/p>\n<\/div><\/div>\n","protected":false},"excerpt":{"rendered":"<p>Bildet viser en del av rankemaleriene p\u00e5 innsiden av v\u00e5penhuset. I sin tid har den vakre utsmykningen av veggene f\u00e5tt en stygg medfart. Det var kanskje i 1837 da v\u00e5penhuset ble revet ned og bygget opp igjen. For \u00e5 f\u00e5 feste for en slags vegg-rapping av leirpuss blandet med halm, er det blitt hugget hakk &#8230; <a title=\"V\u00e5penhusets innside\" class=\"read-more\" href=\"http:\/\/tingvoll.net\/kirka\/vapenhusets-innside\/\" aria-label=\"Read more about V\u00e5penhusets innside\">Les mer<\/a><\/p>\n","protected":false},"author":1,"featured_media":0,"parent":0,"menu_order":0,"comment_status":"closed","ping_status":"closed","template":"","meta":{"footnotes":""},"class_list":["post-135","page","type-page","status-publish"],"_links":{"self":[{"href":"http:\/\/tingvoll.net\/kirka\/wp-json\/wp\/v2\/pages\/135","targetHints":{"allow":["GET"]}}],"collection":[{"href":"http:\/\/tingvoll.net\/kirka\/wp-json\/wp\/v2\/pages"}],"about":[{"href":"http:\/\/tingvoll.net\/kirka\/wp-json\/wp\/v2\/types\/page"}],"author":[{"embeddable":true,"href":"http:\/\/tingvoll.net\/kirka\/wp-json\/wp\/v2\/users\/1"}],"replies":[{"embeddable":true,"href":"http:\/\/tingvoll.net\/kirka\/wp-json\/wp\/v2\/comments?post=135"}],"version-history":[{"count":1,"href":"http:\/\/tingvoll.net\/kirka\/wp-json\/wp\/v2\/pages\/135\/revisions"}],"predecessor-version":[{"id":137,"href":"http:\/\/tingvoll.net\/kirka\/wp-json\/wp\/v2\/pages\/135\/revisions\/137"}],"wp:attachment":[{"href":"http:\/\/tingvoll.net\/kirka\/wp-json\/wp\/v2\/media?parent=135"}],"curies":[{"name":"wp","href":"https:\/\/api.w.org\/{rel}","templated":true}]}}