{"id":140,"date":"2023-02-08T21:29:06","date_gmt":"2023-02-08T21:29:06","guid":{"rendered":"http:\/\/tingvoll.net\/kirka\/?page_id=140"},"modified":"2023-02-08T21:29:08","modified_gmt":"2023-02-08T21:29:08","slug":"inne-i-kirken-mot-vest","status":"publish","type":"page","link":"http:\/\/tingvoll.net\/kirka\/inne-i-kirken-mot-vest\/","title":{"rendered":"Inne i kirken mot vest"},"content":{"rendered":"\n<div class=\"wp-block-media-text alignwide is-stacked-on-mobile\"><figure class=\"wp-block-media-text__media\"><img loading=\"lazy\" decoding=\"async\" width=\"640\" height=\"354\" src=\"https:\/\/tingvoll.net\/kirka\/wp-content\/uploads\/2023\/02\/skipet.jpg\" alt=\"\" class=\"wp-image-141 size-full\" srcset=\"http:\/\/tingvoll.net\/kirka\/wp-content\/uploads\/2023\/02\/skipet.jpg 640w, http:\/\/tingvoll.net\/kirka\/wp-content\/uploads\/2023\/02\/skipet-300x166.jpg 300w\" sizes=\"auto, (max-width: 640px) 100vw, 640px\" \/><\/figure><div class=\"wp-block-media-text__content\">\n<p>Her ser vi det indre av kirken mot vest. De store glass\u00e5pningene i muren g\u00e5r opp i runde buer. Kirken er alts\u00e5 bygget i rundbuestil eller romansk stil. Buene i vestveggen er delt opp i tre mindre buer (kl\u00f8verbladform), midtnisjen til og med i dobbel kl\u00f8verbladform. <\/p>\n\n\n\n<p>Bildet rekker ikke opp til rundvinduet som vi s\u00e5g utenfra. Orgelgalleriet er fra 1600-tallet. Galleriet langs nordveggen er fra 1929. Det gamle gikk helt frem til koret.<\/p>\n<\/div><\/div>\n","protected":false},"excerpt":{"rendered":"<p>Her ser vi det indre av kirken mot vest. De store glass\u00e5pningene i muren g\u00e5r opp i runde buer. Kirken er alts\u00e5 bygget i rundbuestil eller romansk stil. Buene i vestveggen er delt opp i tre mindre buer (kl\u00f8verbladform), midtnisjen til og med i dobbel kl\u00f8verbladform. Bildet rekker ikke opp til rundvinduet som vi s\u00e5g &#8230; <a title=\"Inne i kirken mot vest\" class=\"read-more\" href=\"http:\/\/tingvoll.net\/kirka\/inne-i-kirken-mot-vest\/\" aria-label=\"Read more about Inne i kirken mot vest\">Les mer<\/a><\/p>\n","protected":false},"author":1,"featured_media":0,"parent":0,"menu_order":0,"comment_status":"closed","ping_status":"closed","template":"","meta":{"footnotes":""},"class_list":["post-140","page","type-page","status-publish"],"_links":{"self":[{"href":"http:\/\/tingvoll.net\/kirka\/wp-json\/wp\/v2\/pages\/140","targetHints":{"allow":["GET"]}}],"collection":[{"href":"http:\/\/tingvoll.net\/kirka\/wp-json\/wp\/v2\/pages"}],"about":[{"href":"http:\/\/tingvoll.net\/kirka\/wp-json\/wp\/v2\/types\/page"}],"author":[{"embeddable":true,"href":"http:\/\/tingvoll.net\/kirka\/wp-json\/wp\/v2\/users\/1"}],"replies":[{"embeddable":true,"href":"http:\/\/tingvoll.net\/kirka\/wp-json\/wp\/v2\/comments?post=140"}],"version-history":[{"count":1,"href":"http:\/\/tingvoll.net\/kirka\/wp-json\/wp\/v2\/pages\/140\/revisions"}],"predecessor-version":[{"id":142,"href":"http:\/\/tingvoll.net\/kirka\/wp-json\/wp\/v2\/pages\/140\/revisions\/142"}],"wp:attachment":[{"href":"http:\/\/tingvoll.net\/kirka\/wp-json\/wp\/v2\/media?parent=140"}],"curies":[{"name":"wp","href":"https:\/\/api.w.org\/{rel}","templated":true}]}}