{"id":151,"date":"2023-02-08T21:35:12","date_gmt":"2023-02-08T21:35:12","guid":{"rendered":"http:\/\/tingvoll.net\/kirka\/?page_id=151"},"modified":"2023-02-08T21:35:15","modified_gmt":"2023-02-08T21:35:15","slug":"runesteinen","status":"publish","type":"page","link":"http:\/\/tingvoll.net\/kirka\/runesteinen\/","title":{"rendered":"Runesteinen"},"content":{"rendered":"\n<div class=\"wp-block-media-text alignwide is-stacked-on-mobile\"><figure class=\"wp-block-media-text__media\"><img loading=\"lazy\" decoding=\"async\" width=\"671\" height=\"354\" src=\"https:\/\/tingvoll.net\/kirka\/wp-content\/uploads\/2023\/02\/runest.jpg\" alt=\"\" class=\"wp-image-152 size-full\" srcset=\"http:\/\/tingvoll.net\/kirka\/wp-content\/uploads\/2023\/02\/runest.jpg 671w, http:\/\/tingvoll.net\/kirka\/wp-content\/uploads\/2023\/02\/runest-300x158.jpg 300w\" sizes=\"auto, (max-width: 671px) 100vw, 671px\" \/><\/figure><div class=\"wp-block-media-text__content\">\n<p>P\u00e5 marmorstenen st\u00e5r f\u00f8lgende: &laquo;Ek be\u00f0 firi gu\u00f0rs sakar y\u00f0r l\u00e6r\u00f0a menn er var\u00f0veita sta\u00f0 \u00f0enna ok alla \u00f0\u00e1 er r\u00e1\u00f0a kunnu b\u00e6n mina minnisk s\u00e1lo minnar i helgum b\u00e6num En ek et Gunnar ok ger\u00f0i ek hus \u00f0etta. + valete&raquo;. (Jeg ber, i Guds navn, dere l\u00e6rde menn som ivaretar dette sted og alle som kan tyde min b\u00f8nn. Minnes min sjel i hellige b\u00f8nner. <\/p>\n\n\n\n<p>For jeg er Gunnar og jeg gjorde dette hus + farvel). Gunnar m\u00e5 ha v\u00e6rt en mektig h\u00f8vding med mye arbeidsfolk og hatt kyndige murmestre og andre folk i sin tjeneste. Hadde han Kristkirken som m\u00f8nster for sitt kirkebygg, m\u00e5 han ha v\u00e6rt godt kjent med erkebispen, Eystein Erlandsson.<\/p>\n<\/div><\/div>\n","protected":false},"excerpt":{"rendered":"<p>P\u00e5 marmorstenen st\u00e5r f\u00f8lgende: &laquo;Ek be\u00f0 firi gu\u00f0rs sakar y\u00f0r l\u00e6r\u00f0a menn er var\u00f0veita sta\u00f0 \u00f0enna ok alla \u00f0\u00e1 er r\u00e1\u00f0a kunnu b\u00e6n mina minnisk s\u00e1lo minnar i helgum b\u00e6num En ek et Gunnar ok ger\u00f0i ek hus \u00f0etta. + valete&raquo;. (Jeg ber, i Guds navn, dere l\u00e6rde menn som ivaretar dette sted og alle &#8230; <a title=\"Runesteinen\" class=\"read-more\" href=\"http:\/\/tingvoll.net\/kirka\/runesteinen\/\" aria-label=\"Read more about Runesteinen\">Les mer<\/a><\/p>\n","protected":false},"author":1,"featured_media":0,"parent":0,"menu_order":0,"comment_status":"closed","ping_status":"closed","template":"","meta":{"footnotes":""},"class_list":["post-151","page","type-page","status-publish"],"_links":{"self":[{"href":"http:\/\/tingvoll.net\/kirka\/wp-json\/wp\/v2\/pages\/151","targetHints":{"allow":["GET"]}}],"collection":[{"href":"http:\/\/tingvoll.net\/kirka\/wp-json\/wp\/v2\/pages"}],"about":[{"href":"http:\/\/tingvoll.net\/kirka\/wp-json\/wp\/v2\/types\/page"}],"author":[{"embeddable":true,"href":"http:\/\/tingvoll.net\/kirka\/wp-json\/wp\/v2\/users\/1"}],"replies":[{"embeddable":true,"href":"http:\/\/tingvoll.net\/kirka\/wp-json\/wp\/v2\/comments?post=151"}],"version-history":[{"count":1,"href":"http:\/\/tingvoll.net\/kirka\/wp-json\/wp\/v2\/pages\/151\/revisions"}],"predecessor-version":[{"id":153,"href":"http:\/\/tingvoll.net\/kirka\/wp-json\/wp\/v2\/pages\/151\/revisions\/153"}],"wp:attachment":[{"href":"http:\/\/tingvoll.net\/kirka\/wp-json\/wp\/v2\/media?parent=151"}],"curies":[{"name":"wp","href":"https:\/\/api.w.org\/{rel}","templated":true}]}}