{"id":156,"date":"2023-02-08T21:37:45","date_gmt":"2023-02-08T21:37:45","guid":{"rendered":"http:\/\/tingvoll.net\/kirka\/?page_id=156"},"modified":"2023-02-08T21:37:46","modified_gmt":"2023-02-08T21:37:46","slug":"marmorfigur","status":"publish","type":"page","link":"http:\/\/tingvoll.net\/kirka\/marmorfigur\/","title":{"rendered":"Marmorfigur"},"content":{"rendered":"\n<div class=\"wp-block-media-text alignwide is-stacked-on-mobile\"><figure class=\"wp-block-media-text__media\"><img loading=\"lazy\" decoding=\"async\" width=\"498\" height=\"324\" src=\"https:\/\/tingvoll.net\/kirka\/wp-content\/uploads\/2023\/02\/kapitel.jpg\" alt=\"\" class=\"wp-image-157 size-full\" srcset=\"http:\/\/tingvoll.net\/kirka\/wp-content\/uploads\/2023\/02\/kapitel.jpg 498w, http:\/\/tingvoll.net\/kirka\/wp-content\/uploads\/2023\/02\/kapitel-300x195.jpg 300w\" sizes=\"auto, (max-width: 498px) 100vw, 498px\" \/><\/figure><div class=\"wp-block-media-text__content\">\n<p>Dette er en av marmorfigurene &#8211; kapitelene &#8211; p\u00e5 toppen av marmors\u00f8ylene ved korinngangen. Presten Harboe mente dette var en kvinneskikkelse med sv\u00f8p rundt hode og hake. P\u00e5 den andre siden var det en mannsfigur, mente han.<\/p>\n<\/div><\/div>\n","protected":false},"excerpt":{"rendered":"<p>Dette er en av marmorfigurene &#8211; kapitelene &#8211; p\u00e5 toppen av marmors\u00f8ylene ved korinngangen. Presten Harboe mente dette var en kvinneskikkelse med sv\u00f8p rundt hode og hake. P\u00e5 den andre siden var det en mannsfigur, mente han.<\/p>\n","protected":false},"author":1,"featured_media":0,"parent":0,"menu_order":0,"comment_status":"closed","ping_status":"closed","template":"","meta":{"footnotes":""},"class_list":["post-156","page","type-page","status-publish"],"_links":{"self":[{"href":"http:\/\/tingvoll.net\/kirka\/wp-json\/wp\/v2\/pages\/156","targetHints":{"allow":["GET"]}}],"collection":[{"href":"http:\/\/tingvoll.net\/kirka\/wp-json\/wp\/v2\/pages"}],"about":[{"href":"http:\/\/tingvoll.net\/kirka\/wp-json\/wp\/v2\/types\/page"}],"author":[{"embeddable":true,"href":"http:\/\/tingvoll.net\/kirka\/wp-json\/wp\/v2\/users\/1"}],"replies":[{"embeddable":true,"href":"http:\/\/tingvoll.net\/kirka\/wp-json\/wp\/v2\/comments?post=156"}],"version-history":[{"count":1,"href":"http:\/\/tingvoll.net\/kirka\/wp-json\/wp\/v2\/pages\/156\/revisions"}],"predecessor-version":[{"id":158,"href":"http:\/\/tingvoll.net\/kirka\/wp-json\/wp\/v2\/pages\/156\/revisions\/158"}],"wp:attachment":[{"href":"http:\/\/tingvoll.net\/kirka\/wp-json\/wp\/v2\/media?parent=156"}],"curies":[{"name":"wp","href":"https:\/\/api.w.org\/{rel}","templated":true}]}}