{"id":179,"date":"2023-02-09T13:38:54","date_gmt":"2023-02-09T13:38:54","guid":{"rendered":"http:\/\/tingvoll.net\/kirka\/?page_id=179"},"modified":"2023-02-09T13:38:56","modified_gmt":"2023-02-09T13:38:56","slug":"ganger-i-veggene","status":"publish","type":"page","link":"http:\/\/tingvoll.net\/kirka\/ganger-i-veggene\/","title":{"rendered":"Ganger i veggene"},"content":{"rendered":"\n<div class=\"wp-block-media-text alignwide is-stacked-on-mobile\"><figure class=\"wp-block-media-text__media\"><img loading=\"lazy\" decoding=\"async\" width=\"303\" height=\"439\" src=\"https:\/\/tingvoll.net\/kirka\/wp-content\/uploads\/2023\/02\/murgang.jpg\" alt=\"\" class=\"wp-image-180 size-full\" srcset=\"http:\/\/tingvoll.net\/kirka\/wp-content\/uploads\/2023\/02\/murgang.jpg 303w, http:\/\/tingvoll.net\/kirka\/wp-content\/uploads\/2023\/02\/murgang-207x300.jpg 207w\" sizes=\"auto, (max-width: 303px) 100vw, 303px\" \/><\/figure><div class=\"wp-block-media-text__content\">\n<p>Bildet er fra sydmuren i skipet. Det er merkelig at murgangene b\u00e5de p\u00e5 sydsiden og nordsiden ikke g\u00e5r rett frem, men i trappetrinn bratt opp til murkronen oppunder sperrverket og s\u00e5 like bratt ned igjen. Gangene m\u00e5tte derfor v\u00e6re lite tjenlige til jevnlig gange mellom lektoriet i korbuen og nisjene i vestveggen. <br><br>En inngang i muren under orgelgalleriet f\u00f8rer da ogs\u00e5 lettere opp til gangen i vestveggen og helt opp til rundvinduet. Det er ellers en ul\u00f8st g\u00e5te hvilket form\u00e5l Gunnar har hatt med murgangene og likeledes med &laquo;altanen&raquo; oppe under r\u00f8stet i korgavlen.<\/p>\n<\/div><\/div>\n","protected":false},"excerpt":{"rendered":"<p>Bildet er fra sydmuren i skipet. Det er merkelig at murgangene b\u00e5de p\u00e5 sydsiden og nordsiden ikke g\u00e5r rett frem, men i trappetrinn bratt opp til murkronen oppunder sperrverket og s\u00e5 like bratt ned igjen. Gangene m\u00e5tte derfor v\u00e6re lite tjenlige til jevnlig gange mellom lektoriet i korbuen og nisjene i vestveggen. En inngang i &#8230; <a title=\"Ganger i veggene\" class=\"read-more\" href=\"http:\/\/tingvoll.net\/kirka\/ganger-i-veggene\/\" aria-label=\"Read more about Ganger i veggene\">Les mer<\/a><\/p>\n","protected":false},"author":1,"featured_media":0,"parent":0,"menu_order":0,"comment_status":"closed","ping_status":"closed","template":"","meta":{"footnotes":""},"class_list":["post-179","page","type-page","status-publish"],"_links":{"self":[{"href":"http:\/\/tingvoll.net\/kirka\/wp-json\/wp\/v2\/pages\/179","targetHints":{"allow":["GET"]}}],"collection":[{"href":"http:\/\/tingvoll.net\/kirka\/wp-json\/wp\/v2\/pages"}],"about":[{"href":"http:\/\/tingvoll.net\/kirka\/wp-json\/wp\/v2\/types\/page"}],"author":[{"embeddable":true,"href":"http:\/\/tingvoll.net\/kirka\/wp-json\/wp\/v2\/users\/1"}],"replies":[{"embeddable":true,"href":"http:\/\/tingvoll.net\/kirka\/wp-json\/wp\/v2\/comments?post=179"}],"version-history":[{"count":1,"href":"http:\/\/tingvoll.net\/kirka\/wp-json\/wp\/v2\/pages\/179\/revisions"}],"predecessor-version":[{"id":181,"href":"http:\/\/tingvoll.net\/kirka\/wp-json\/wp\/v2\/pages\/179\/revisions\/181"}],"wp:attachment":[{"href":"http:\/\/tingvoll.net\/kirka\/wp-json\/wp\/v2\/media?parent=179"}],"curies":[{"name":"wp","href":"https:\/\/api.w.org\/{rel}","templated":true}]}}