{"id":2,"date":"2023-02-08T12:45:44","date_gmt":"2023-02-08T12:45:44","guid":{"rendered":"http:\/\/tingvoll.net\/kirka\/?page_id=2"},"modified":"2023-02-23T11:37:26","modified_gmt":"2023-02-23T11:37:26","slug":"sample-page","status":"publish","type":"page","link":"http:\/\/tingvoll.net\/kirka\/","title":{"rendered":"Velkommen til Tingvoll kirke"},"content":{"rendered":"\n<p><br>Presentert av&nbsp;<a href=\"mailto:holmeide@hotmail.com\">Arve Holmeide<\/a><br>Norsk tekst; kilde:&nbsp;<strong>Martin Lamvik<\/strong><br>Konsulent engelsk spr\u00e5k:&nbsp;<strong>Rosemary Holmeide Williams<\/strong><\/p>\n\n\n\n<p>Tingvoll kirke er en av de gjenv\u00e6rende gamle stenkirkene som ble bygget i Norge gjennom tidene. N\u00f8yaktig bygge\u00e5r vet vi ikke, men det er ansl\u00e5tt at den ble reist engang mellom 1150 og 1200.\u00a0<br><br><\/p>\n\n\n\n<p>I 1928\/29 ble kirken restaurert. I samband med det, og for om mulig \u00e5 skaffe inntekter til restaureringen, utgav byggekomiteen et hefte om kirken, skrevet i 1910 av arkitekt Johan Meyer.\u00a0<br><a href=\"https:\/\/tingvoll.net\/kirka\/wp-content\/uploads\/2023\/02\/tingvoll_kirke.pdf\" target=\"_blank\" rel=\"noreferrer noopener\">Her finner du heftet i PDF-format.<\/a> <\/p>\n\n\n\n<p>Sidene er produsert og driftet av <a href=\"http:\/\/www.tingvoll.net\">www.tingvoll.net<\/a><\/p>\n","protected":false},"excerpt":{"rendered":"<p>Presentert av&nbsp;Arve HolmeideNorsk tekst; kilde:&nbsp;Martin LamvikKonsulent engelsk spr\u00e5k:&nbsp;Rosemary Holmeide Williams Tingvoll kirke er en av de gjenv\u00e6rende gamle stenkirkene som ble bygget i Norge gjennom tidene. N\u00f8yaktig bygge\u00e5r vet vi ikke, men det er ansl\u00e5tt at den ble reist engang mellom 1150 og 1200.\u00a0 I 1928\/29 ble kirken restaurert. I samband med det, og for &#8230; <a title=\"Velkommen til Tingvoll kirke\" class=\"read-more\" href=\"http:\/\/tingvoll.net\/kirka\/\" aria-label=\"Read more about Velkommen til Tingvoll kirke\">Les mer<\/a><\/p>\n","protected":false},"author":1,"featured_media":9,"parent":0,"menu_order":0,"comment_status":"closed","ping_status":"open","template":"","meta":{"footnotes":""},"class_list":["post-2","page","type-page","status-publish","has-post-thumbnail"],"_links":{"self":[{"href":"http:\/\/tingvoll.net\/kirka\/wp-json\/wp\/v2\/pages\/2","targetHints":{"allow":["GET"]}}],"collection":[{"href":"http:\/\/tingvoll.net\/kirka\/wp-json\/wp\/v2\/pages"}],"about":[{"href":"http:\/\/tingvoll.net\/kirka\/wp-json\/wp\/v2\/types\/page"}],"author":[{"embeddable":true,"href":"http:\/\/tingvoll.net\/kirka\/wp-json\/wp\/v2\/users\/1"}],"replies":[{"embeddable":true,"href":"http:\/\/tingvoll.net\/kirka\/wp-json\/wp\/v2\/comments?post=2"}],"version-history":[{"count":10,"href":"http:\/\/tingvoll.net\/kirka\/wp-json\/wp\/v2\/pages\/2\/revisions"}],"predecessor-version":[{"id":332,"href":"http:\/\/tingvoll.net\/kirka\/wp-json\/wp\/v2\/pages\/2\/revisions\/332"}],"wp:featuredmedia":[{"embeddable":true,"href":"http:\/\/tingvoll.net\/kirka\/wp-json\/wp\/v2\/media\/9"}],"wp:attachment":[{"href":"http:\/\/tingvoll.net\/kirka\/wp-json\/wp\/v2\/media?parent=2"}],"curies":[{"name":"wp","href":"https:\/\/api.w.org\/{rel}","templated":true}]}}