{"id":209,"date":"2023-02-09T13:51:15","date_gmt":"2023-02-09T13:51:15","guid":{"rendered":"http:\/\/tingvoll.net\/kirka\/?page_id=209"},"modified":"2023-02-09T13:51:16","modified_gmt":"2023-02-09T13:51:16","slug":"dopefonten","status":"publish","type":"page","link":"http:\/\/tingvoll.net\/kirka\/dopefonten\/","title":{"rendered":"D\u00f8pefonten"},"content":{"rendered":"\n<div class=\"wp-block-media-text alignwide is-stacked-on-mobile\"><figure class=\"wp-block-media-text__media\"><img loading=\"lazy\" decoding=\"async\" width=\"244\" height=\"302\" src=\"https:\/\/tingvoll.net\/kirka\/wp-content\/uploads\/2023\/02\/dopef.jpg\" alt=\"\" class=\"wp-image-210 size-full\" srcset=\"http:\/\/tingvoll.net\/kirka\/wp-content\/uploads\/2023\/02\/dopef.jpg 244w, http:\/\/tingvoll.net\/kirka\/wp-content\/uploads\/2023\/02\/dopef-242x300.jpg 242w\" sizes=\"auto, (max-width: 244px) 100vw, 244px\" \/><\/figure><div class=\"wp-block-media-text__content\">\n<p>Denne \u00e5ttekantede d\u00f8pefonten har uviss alder. D\u00f8pefatet av messing er trolig laget i Tyskland (N\u00fcrnberg) p\u00e5 1400 &#8211; 1600-tallet. I Tingvoll bygdemuseum finnes en fint tilhugget 8-kantet marmorsten som kan v\u00e6re en del av en eldre d\u00f8pefont.<\/p>\n<\/div><\/div>\n","protected":false},"excerpt":{"rendered":"<p>Denne \u00e5ttekantede d\u00f8pefonten har uviss alder. D\u00f8pefatet av messing er trolig laget i Tyskland (N\u00fcrnberg) p\u00e5 1400 &#8211; 1600-tallet. I Tingvoll bygdemuseum finnes en fint tilhugget 8-kantet marmorsten som kan v\u00e6re en del av en eldre d\u00f8pefont.<\/p>\n","protected":false},"author":1,"featured_media":0,"parent":0,"menu_order":0,"comment_status":"closed","ping_status":"closed","template":"","meta":{"footnotes":""},"class_list":["post-209","page","type-page","status-publish"],"_links":{"self":[{"href":"http:\/\/tingvoll.net\/kirka\/wp-json\/wp\/v2\/pages\/209","targetHints":{"allow":["GET"]}}],"collection":[{"href":"http:\/\/tingvoll.net\/kirka\/wp-json\/wp\/v2\/pages"}],"about":[{"href":"http:\/\/tingvoll.net\/kirka\/wp-json\/wp\/v2\/types\/page"}],"author":[{"embeddable":true,"href":"http:\/\/tingvoll.net\/kirka\/wp-json\/wp\/v2\/users\/1"}],"replies":[{"embeddable":true,"href":"http:\/\/tingvoll.net\/kirka\/wp-json\/wp\/v2\/comments?post=209"}],"version-history":[{"count":1,"href":"http:\/\/tingvoll.net\/kirka\/wp-json\/wp\/v2\/pages\/209\/revisions"}],"predecessor-version":[{"id":211,"href":"http:\/\/tingvoll.net\/kirka\/wp-json\/wp\/v2\/pages\/209\/revisions\/211"}],"wp:attachment":[{"href":"http:\/\/tingvoll.net\/kirka\/wp-json\/wp\/v2\/media?parent=209"}],"curies":[{"name":"wp","href":"https:\/\/api.w.org\/{rel}","templated":true}]}}