{"id":214,"date":"2023-02-09T13:53:08","date_gmt":"2023-02-09T13:53:08","guid":{"rendered":"http:\/\/tingvoll.net\/kirka\/?page_id=214"},"modified":"2023-02-09T13:53:10","modified_gmt":"2023-02-09T13:53:10","slug":"prekestolen","status":"publish","type":"page","link":"http:\/\/tingvoll.net\/kirka\/prekestolen\/","title":{"rendered":"Prekestolen"},"content":{"rendered":"\n<div class=\"wp-block-media-text alignwide is-stacked-on-mobile\"><figure class=\"wp-block-media-text__media\"><img loading=\"lazy\" decoding=\"async\" width=\"303\" height=\"458\" src=\"https:\/\/tingvoll.net\/kirka\/wp-content\/uploads\/2023\/02\/prekest.jpg\" alt=\"\" class=\"wp-image-215 size-full\" srcset=\"http:\/\/tingvoll.net\/kirka\/wp-content\/uploads\/2023\/02\/prekest.jpg 303w, http:\/\/tingvoll.net\/kirka\/wp-content\/uploads\/2023\/02\/prekest-198x300.jpg 198w\" sizes=\"auto, (max-width: 303px) 100vw, 303px\" \/><\/figure><div class=\"wp-block-media-text__content\">\n<p>Prekestolen med lydhimlingen over skal v\u00e6re laget i Holland i 1632 og er bekostet av presten Anders Pedersen, kirkeverge Erik Pedersen (prestens bror) og den rike godseieren Erik Audensen p\u00e5 Kvalv\u00e5g. Figurene p\u00e5 prekestolen er Kristus og de 4 evangelistene. B\u00e5de disse og figurene p\u00e5 himlingen er sjelden kirkekunst. En kunsthistoriker &#8211; Bj\u00f8rn Sandberg &#8211; har i sin godkjente magisteravhandling p\u00e5vist at kunstneren har v\u00e6rt inspirert av El Grecos kunst i Spania. <br><br>P\u00e5 himlingen er b\u00e5de syndefallet og forsoningen enkelt fremstilt med treet og slangen og Kristus med korset omkranset av lovsyngende figurer. Prestebildet ved siden av er av Sigurd Fj\u00e6r, sogneprest til Tingvoll i 12 \u00e5r fra 1926 og den drivende kraft ved den store restaureringen i 1928\/29. Han d\u00f8de som domprost ved Nidarosdomen i 1959.<\/p>\n<\/div><\/div>\n","protected":false},"excerpt":{"rendered":"<p>Prekestolen med lydhimlingen over skal v\u00e6re laget i Holland i 1632 og er bekostet av presten Anders Pedersen, kirkeverge Erik Pedersen (prestens bror) og den rike godseieren Erik Audensen p\u00e5 Kvalv\u00e5g. Figurene p\u00e5 prekestolen er Kristus og de 4 evangelistene. B\u00e5de disse og figurene p\u00e5 himlingen er sjelden kirkekunst. En kunsthistoriker &#8211; Bj\u00f8rn Sandberg &#8211; &#8230; <a title=\"Prekestolen\" class=\"read-more\" href=\"http:\/\/tingvoll.net\/kirka\/prekestolen\/\" aria-label=\"Read more about Prekestolen\">Les mer<\/a><\/p>\n","protected":false},"author":1,"featured_media":0,"parent":0,"menu_order":0,"comment_status":"closed","ping_status":"closed","template":"","meta":{"footnotes":""},"class_list":["post-214","page","type-page","status-publish"],"_links":{"self":[{"href":"http:\/\/tingvoll.net\/kirka\/wp-json\/wp\/v2\/pages\/214","targetHints":{"allow":["GET"]}}],"collection":[{"href":"http:\/\/tingvoll.net\/kirka\/wp-json\/wp\/v2\/pages"}],"about":[{"href":"http:\/\/tingvoll.net\/kirka\/wp-json\/wp\/v2\/types\/page"}],"author":[{"embeddable":true,"href":"http:\/\/tingvoll.net\/kirka\/wp-json\/wp\/v2\/users\/1"}],"replies":[{"embeddable":true,"href":"http:\/\/tingvoll.net\/kirka\/wp-json\/wp\/v2\/comments?post=214"}],"version-history":[{"count":1,"href":"http:\/\/tingvoll.net\/kirka\/wp-json\/wp\/v2\/pages\/214\/revisions"}],"predecessor-version":[{"id":216,"href":"http:\/\/tingvoll.net\/kirka\/wp-json\/wp\/v2\/pages\/214\/revisions\/216"}],"wp:attachment":[{"href":"http:\/\/tingvoll.net\/kirka\/wp-json\/wp\/v2\/media?parent=214"}],"curies":[{"name":"wp","href":"https:\/\/api.w.org\/{rel}","templated":true}]}}