{"id":219,"date":"2023-02-09T13:55:11","date_gmt":"2023-02-09T13:55:11","guid":{"rendered":"http:\/\/tingvoll.net\/kirka\/?page_id=219"},"modified":"2023-02-09T13:55:13","modified_gmt":"2023-02-09T13:55:13","slug":"epitafium","status":"publish","type":"page","link":"http:\/\/tingvoll.net\/kirka\/epitafium\/","title":{"rendered":"Epitafium"},"content":{"rendered":"\n<div class=\"wp-block-media-text alignwide is-stacked-on-mobile\"><figure class=\"wp-block-media-text__media\"><img loading=\"lazy\" decoding=\"async\" width=\"281\" height=\"308\" src=\"https:\/\/tingvoll.net\/kirka\/wp-content\/uploads\/2023\/02\/epit.jpg\" alt=\"\" class=\"wp-image-220 size-full\" srcset=\"http:\/\/tingvoll.net\/kirka\/wp-content\/uploads\/2023\/02\/epit.jpg 281w, http:\/\/tingvoll.net\/kirka\/wp-content\/uploads\/2023\/02\/epit-274x300.jpg 274w\" sizes=\"auto, (max-width: 281px) 100vw, 281px\" \/><\/figure><div class=\"wp-block-media-text__content\">\n<p>Bildet er fra nordveggen i koret og er Kristus med tornekransen og 2 av soldatene til Pilatus. Over st\u00e5r Jehova med hebraisk skrift. Under st\u00e5r: &laquo;Dette er for\u00e6rett Gud til ere, oc kierken till beprydelse aff Erick Pedersen, oc anne S\u00e6ffrens dotter, anno 1647.&raquo; Samme mann hadde ogs\u00e5 deltatt i kostnadene med prekestolens anskaffelse. Tidligere hadde han ogs\u00e5 gitt den vakre lysekronen i koret.<\/p>\n<\/div><\/div>\n","protected":false},"excerpt":{"rendered":"<p>Bildet er fra nordveggen i koret og er Kristus med tornekransen og 2 av soldatene til Pilatus. Over st\u00e5r Jehova med hebraisk skrift. Under st\u00e5r: &laquo;Dette er for\u00e6rett Gud til ere, oc kierken till beprydelse aff Erick Pedersen, oc anne S\u00e6ffrens dotter, anno 1647.&raquo; Samme mann hadde ogs\u00e5 deltatt i kostnadene med prekestolens anskaffelse. Tidligere &#8230; <a title=\"Epitafium\" class=\"read-more\" href=\"http:\/\/tingvoll.net\/kirka\/epitafium\/\" aria-label=\"Read more about Epitafium\">Les mer<\/a><\/p>\n","protected":false},"author":1,"featured_media":0,"parent":0,"menu_order":0,"comment_status":"closed","ping_status":"closed","template":"","meta":{"footnotes":""},"class_list":["post-219","page","type-page","status-publish"],"_links":{"self":[{"href":"http:\/\/tingvoll.net\/kirka\/wp-json\/wp\/v2\/pages\/219","targetHints":{"allow":["GET"]}}],"collection":[{"href":"http:\/\/tingvoll.net\/kirka\/wp-json\/wp\/v2\/pages"}],"about":[{"href":"http:\/\/tingvoll.net\/kirka\/wp-json\/wp\/v2\/types\/page"}],"author":[{"embeddable":true,"href":"http:\/\/tingvoll.net\/kirka\/wp-json\/wp\/v2\/users\/1"}],"replies":[{"embeddable":true,"href":"http:\/\/tingvoll.net\/kirka\/wp-json\/wp\/v2\/comments?post=219"}],"version-history":[{"count":1,"href":"http:\/\/tingvoll.net\/kirka\/wp-json\/wp\/v2\/pages\/219\/revisions"}],"predecessor-version":[{"id":221,"href":"http:\/\/tingvoll.net\/kirka\/wp-json\/wp\/v2\/pages\/219\/revisions\/221"}],"wp:attachment":[{"href":"http:\/\/tingvoll.net\/kirka\/wp-json\/wp\/v2\/media?parent=219"}],"curies":[{"name":"wp","href":"https:\/\/api.w.org\/{rel}","templated":true}]}}