{"id":224,"date":"2023-02-09T13:56:50","date_gmt":"2023-02-09T13:56:50","guid":{"rendered":"http:\/\/tingvoll.net\/kirka\/?page_id=224"},"modified":"2023-02-09T13:56:51","modified_gmt":"2023-02-09T13:56:51","slug":"altertavlen","status":"publish","type":"page","link":"http:\/\/tingvoll.net\/kirka\/altertavlen\/","title":{"rendered":"Altertavlen"},"content":{"rendered":"\n<div class=\"wp-block-media-text alignwide is-stacked-on-mobile\"><figure class=\"wp-block-media-text__media\"><img loading=\"lazy\" decoding=\"async\" width=\"278\" height=\"421\" src=\"https:\/\/tingvoll.net\/kirka\/wp-content\/uploads\/2023\/02\/altertav.jpg\" alt=\"\" class=\"wp-image-225 size-full\" srcset=\"http:\/\/tingvoll.net\/kirka\/wp-content\/uploads\/2023\/02\/altertav.jpg 278w, http:\/\/tingvoll.net\/kirka\/wp-content\/uploads\/2023\/02\/altertav-198x300.jpg 198w\" sizes=\"auto, (max-width: 278px) 100vw, 278px\" \/><\/figure><div class=\"wp-block-media-text__content\">\n<p>Men den rauseste giveren p\u00e5 1600-tallet var Hans Nielsen Tausan, prest til Tingvoll i 47 \u00e5r. I 1660 gav han og hans f\u00f8rste hustru den store altertavlen, utsk\u00e5ret av en tr\u00f8ndersk treskj\u00e6rer. Bildene i midtfeltene er malt av en hollandsk maler. Det st\u00f8rste bildet er Kristus p\u00e5 korset, under dette; klage over Jesu d\u00f8de legeme, over hovedbildet; Jesu oppstandelse og \u00f8verst; Jesu himmelfart. <br><br>Tavlen har i alt ca. 30 utsk\u00e5rne figurer. De st\u00f8rste er Moses med lovtavlene og d\u00f8peren Johannes med lammet (evangeliet). Under de fire evangelistene og over figurer med kors og anker, symbol for tro og h\u00e5p.<\/p>\n<\/div><\/div>\n","protected":false},"excerpt":{"rendered":"<p>Men den rauseste giveren p\u00e5 1600-tallet var Hans Nielsen Tausan, prest til Tingvoll i 47 \u00e5r. I 1660 gav han og hans f\u00f8rste hustru den store altertavlen, utsk\u00e5ret av en tr\u00f8ndersk treskj\u00e6rer. Bildene i midtfeltene er malt av en hollandsk maler. Det st\u00f8rste bildet er Kristus p\u00e5 korset, under dette; klage over Jesu d\u00f8de legeme, &#8230; <a title=\"Altertavlen\" class=\"read-more\" href=\"http:\/\/tingvoll.net\/kirka\/altertavlen\/\" aria-label=\"Read more about Altertavlen\">Les mer<\/a><\/p>\n","protected":false},"author":1,"featured_media":0,"parent":0,"menu_order":0,"comment_status":"closed","ping_status":"closed","template":"","meta":{"footnotes":""},"class_list":["post-224","page","type-page","status-publish"],"_links":{"self":[{"href":"http:\/\/tingvoll.net\/kirka\/wp-json\/wp\/v2\/pages\/224","targetHints":{"allow":["GET"]}}],"collection":[{"href":"http:\/\/tingvoll.net\/kirka\/wp-json\/wp\/v2\/pages"}],"about":[{"href":"http:\/\/tingvoll.net\/kirka\/wp-json\/wp\/v2\/types\/page"}],"author":[{"embeddable":true,"href":"http:\/\/tingvoll.net\/kirka\/wp-json\/wp\/v2\/users\/1"}],"replies":[{"embeddable":true,"href":"http:\/\/tingvoll.net\/kirka\/wp-json\/wp\/v2\/comments?post=224"}],"version-history":[{"count":1,"href":"http:\/\/tingvoll.net\/kirka\/wp-json\/wp\/v2\/pages\/224\/revisions"}],"predecessor-version":[{"id":226,"href":"http:\/\/tingvoll.net\/kirka\/wp-json\/wp\/v2\/pages\/224\/revisions\/226"}],"wp:attachment":[{"href":"http:\/\/tingvoll.net\/kirka\/wp-json\/wp\/v2\/media?parent=224"}],"curies":[{"name":"wp","href":"https:\/\/api.w.org\/{rel}","templated":true}]}}