{"id":234,"date":"2023-02-09T14:01:18","date_gmt":"2023-02-09T14:01:18","guid":{"rendered":"http:\/\/tingvoll.net\/kirka\/?page_id=234"},"modified":"2023-02-09T14:01:19","modified_gmt":"2023-02-09T14:01:19","slug":"vest-galleriet","status":"publish","type":"page","link":"http:\/\/tingvoll.net\/kirka\/vest-galleriet\/","title":{"rendered":"Vest galleriet"},"content":{"rendered":"\n<div class=\"wp-block-media-text alignwide is-stacked-on-mobile\"><figure class=\"wp-block-media-text__media\"><img loading=\"lazy\" decoding=\"async\" width=\"640\" height=\"344\" src=\"https:\/\/tingvoll.net\/kirka\/wp-content\/uploads\/2023\/02\/galleri.jpg\" alt=\"\" class=\"wp-image-235 size-full\" srcset=\"http:\/\/tingvoll.net\/kirka\/wp-content\/uploads\/2023\/02\/galleri.jpg 640w, http:\/\/tingvoll.net\/kirka\/wp-content\/uploads\/2023\/02\/galleri-300x161.jpg 300w\" sizes=\"auto, (max-width: 640px) 100vw, 640px\" \/><\/figure><div class=\"wp-block-media-text__content\">\n<p>Den tredje store gaven fra Hans Nilsen Tausan, men n\u00e5 sammen med sin andre hustru, er vestgalleriet fra 1682, n\u00e5 orgelgalleri. I fine rundbuede felt har han f\u00e5tt malt bilder av 11 apostler pluss Paulus. (Judas Iskariot var nok ikke med). Tre av feltene kom bort da nordgalleriet ble satt opp i 1840-\u00e5rene. Kunstmaleren var den samme som stafferte (malte) epitafiet og heter Niels Nielsen. <br><br>De fleste av apostlene led martyrd\u00f8den, og kunstneren har f\u00e5tt med martyrsymbolet for hver av dem, f.eks. Andreas med det skjevarmede korset (Andreaskorset). Over st\u00e5r navnene p\u00e5 hver apostel og under skriftordet: Icke os, icke os Herre, men dit Nafn giv \u00e6re. Det vitnet om form\u00e5let med alle gavene.<\/p>\n<\/div><\/div>\n","protected":false},"excerpt":{"rendered":"<p>Den tredje store gaven fra Hans Nilsen Tausan, men n\u00e5 sammen med sin andre hustru, er vestgalleriet fra 1682, n\u00e5 orgelgalleri. I fine rundbuede felt har han f\u00e5tt malt bilder av 11 apostler pluss Paulus. (Judas Iskariot var nok ikke med). Tre av feltene kom bort da nordgalleriet ble satt opp i 1840-\u00e5rene. Kunstmaleren var &#8230; <a title=\"Vest galleriet\" class=\"read-more\" href=\"http:\/\/tingvoll.net\/kirka\/vest-galleriet\/\" aria-label=\"Read more about Vest galleriet\">Les mer<\/a><\/p>\n","protected":false},"author":1,"featured_media":0,"parent":0,"menu_order":0,"comment_status":"closed","ping_status":"closed","template":"","meta":{"footnotes":""},"class_list":["post-234","page","type-page","status-publish"],"_links":{"self":[{"href":"http:\/\/tingvoll.net\/kirka\/wp-json\/wp\/v2\/pages\/234","targetHints":{"allow":["GET"]}}],"collection":[{"href":"http:\/\/tingvoll.net\/kirka\/wp-json\/wp\/v2\/pages"}],"about":[{"href":"http:\/\/tingvoll.net\/kirka\/wp-json\/wp\/v2\/types\/page"}],"author":[{"embeddable":true,"href":"http:\/\/tingvoll.net\/kirka\/wp-json\/wp\/v2\/users\/1"}],"replies":[{"embeddable":true,"href":"http:\/\/tingvoll.net\/kirka\/wp-json\/wp\/v2\/comments?post=234"}],"version-history":[{"count":1,"href":"http:\/\/tingvoll.net\/kirka\/wp-json\/wp\/v2\/pages\/234\/revisions"}],"predecessor-version":[{"id":236,"href":"http:\/\/tingvoll.net\/kirka\/wp-json\/wp\/v2\/pages\/234\/revisions\/236"}],"wp:attachment":[{"href":"http:\/\/tingvoll.net\/kirka\/wp-json\/wp\/v2\/media?parent=234"}],"curies":[{"name":"wp","href":"https:\/\/api.w.org\/{rel}","templated":true}]}}