{"id":255,"date":"2023-02-09T14:10:48","date_gmt":"2023-02-09T14:10:48","guid":{"rendered":"http:\/\/tingvoll.net\/kirka\/?page_id=255"},"modified":"2023-02-09T14:10:50","modified_gmt":"2023-02-09T14:10:50","slug":"kongestolen","status":"publish","type":"page","link":"http:\/\/tingvoll.net\/kirka\/kongestolen\/","title":{"rendered":"Kongestolen"},"content":{"rendered":"\n<div class=\"wp-block-media-text alignwide is-stacked-on-mobile\"><figure class=\"wp-block-media-text__media\"><img loading=\"lazy\" decoding=\"async\" width=\"356\" height=\"293\" src=\"https:\/\/tingvoll.net\/kirka\/wp-content\/uploads\/2023\/02\/kongest.jpg\" alt=\"\" class=\"wp-image-256 size-full\" srcset=\"http:\/\/tingvoll.net\/kirka\/wp-content\/uploads\/2023\/02\/kongest.jpg 356w, http:\/\/tingvoll.net\/kirka\/wp-content\/uploads\/2023\/02\/kongest-300x247.jpg 300w\" sizes=\"auto, (max-width: 356px) 100vw, 356px\" \/><\/figure><div class=\"wp-block-media-text__content\">\n<p>Tre \u00e5r etter at apostelgalleriet var oppsatt, fikk presten storbes\u00f8k. Kong Christian V kom p\u00e5 sin lange Norgesreise i 1685 ogs\u00e5 gjennom Tingvoll med stort f\u00f8lge. Ved Guds-tjenesten satt han i denne stolen, som da stod ved prekestolen, og h\u00f8rte Tausan preke. Til minne ble det satt et toppstykke p\u00e5 stolen med kongemonogrammet C5 og inskripsjonen: &laquo;H\u00f8ilovlig Kong Christian V Hukommelse som var paa denne Stol den 28de Juni ano 1685&raquo;. N\u00e5 st\u00e5r stolen i koret og er plass for medhjelperne. Til venstre for stolen ser vi \u00e5pning for oppgangene til lektoriet.<\/p>\n<\/div><\/div>\n","protected":false},"excerpt":{"rendered":"<p>Tre \u00e5r etter at apostelgalleriet var oppsatt, fikk presten storbes\u00f8k. Kong Christian V kom p\u00e5 sin lange Norgesreise i 1685 ogs\u00e5 gjennom Tingvoll med stort f\u00f8lge. Ved Guds-tjenesten satt han i denne stolen, som da stod ved prekestolen, og h\u00f8rte Tausan preke. Til minne ble det satt et toppstykke p\u00e5 stolen med kongemonogrammet C5 og &#8230; <a title=\"Kongestolen\" class=\"read-more\" href=\"http:\/\/tingvoll.net\/kirka\/kongestolen\/\" aria-label=\"Read more about Kongestolen\">Les mer<\/a><\/p>\n","protected":false},"author":1,"featured_media":0,"parent":0,"menu_order":0,"comment_status":"closed","ping_status":"closed","template":"","meta":{"footnotes":""},"class_list":["post-255","page","type-page","status-publish"],"_links":{"self":[{"href":"http:\/\/tingvoll.net\/kirka\/wp-json\/wp\/v2\/pages\/255","targetHints":{"allow":["GET"]}}],"collection":[{"href":"http:\/\/tingvoll.net\/kirka\/wp-json\/wp\/v2\/pages"}],"about":[{"href":"http:\/\/tingvoll.net\/kirka\/wp-json\/wp\/v2\/types\/page"}],"author":[{"embeddable":true,"href":"http:\/\/tingvoll.net\/kirka\/wp-json\/wp\/v2\/users\/1"}],"replies":[{"embeddable":true,"href":"http:\/\/tingvoll.net\/kirka\/wp-json\/wp\/v2\/comments?post=255"}],"version-history":[{"count":1,"href":"http:\/\/tingvoll.net\/kirka\/wp-json\/wp\/v2\/pages\/255\/revisions"}],"predecessor-version":[{"id":257,"href":"http:\/\/tingvoll.net\/kirka\/wp-json\/wp\/v2\/pages\/255\/revisions\/257"}],"wp:attachment":[{"href":"http:\/\/tingvoll.net\/kirka\/wp-json\/wp\/v2\/media?parent=255"}],"curies":[{"name":"wp","href":"https:\/\/api.w.org\/{rel}","templated":true}]}}