{"id":265,"date":"2023-02-09T14:14:40","date_gmt":"2023-02-09T14:14:40","guid":{"rendered":"http:\/\/tingvoll.net\/kirka\/?page_id=265"},"modified":"2023-02-09T14:14:42","modified_gmt":"2023-02-09T14:14:42","slug":"kirkeskipet","status":"publish","type":"page","link":"http:\/\/tingvoll.net\/kirka\/kirkeskipet\/","title":{"rendered":"Kirkeskipet"},"content":{"rendered":"\n<div class=\"wp-block-media-text alignwide is-stacked-on-mobile\"><figure class=\"wp-block-media-text__media\"><img loading=\"lazy\" decoding=\"async\" width=\"442\" height=\"325\" src=\"https:\/\/tingvoll.net\/kirka\/wp-content\/uploads\/2023\/02\/kjoel.jpg\" alt=\"\" class=\"wp-image-266 size-full\" srcset=\"http:\/\/tingvoll.net\/kirka\/wp-content\/uploads\/2023\/02\/kjoel.jpg 442w, http:\/\/tingvoll.net\/kirka\/wp-content\/uploads\/2023\/02\/kjoel-300x221.jpg 300w\" sizes=\"auto, (max-width: 442px) 100vw, 442px\" \/><\/figure><div class=\"wp-block-media-text__content\">\n<p>Kirkeskipet er en fregatt, trolig fra 1700-tallet. Orlogsflagget akterut er &laquo;Dannebrog&raquo;. Skipet har 11 seil, 4 vimpler med kors og 56 kanoner. I gamle dager trodde man at skipet, som ble kalt Kj\u00f8l, kunne sp\u00e5 v\u00e6ret. &laquo;Hva sa Kj\u00f8l idag?&raquo; var sp\u00f8rsm\u00e5let n\u00e5r folk kom hjem fra kirken. <br><br>Navnet Kj\u00f8l kom av at det etter sigende var en mann fra Eide som hette Sigurd Kj\u00f8l som hadde laget skipet. Han skal ha v\u00e6rt med i slaget ved Dynekilen i 1716. Orlogsskipet i Tingvoll-kirken kan da kanskje v\u00e6re en modell av en fregatt fra Tordenskiolds fl\u00e5te. Et kirkeskip med kanoner skal minne om at kirken skal sl\u00e5ss mot alt det vonde.<\/p>\n<\/div><\/div>\n","protected":false},"excerpt":{"rendered":"<p>Kirkeskipet er en fregatt, trolig fra 1700-tallet. Orlogsflagget akterut er &laquo;Dannebrog&raquo;. Skipet har 11 seil, 4 vimpler med kors og 56 kanoner. I gamle dager trodde man at skipet, som ble kalt Kj\u00f8l, kunne sp\u00e5 v\u00e6ret. &laquo;Hva sa Kj\u00f8l idag?&raquo; var sp\u00f8rsm\u00e5let n\u00e5r folk kom hjem fra kirken. Navnet Kj\u00f8l kom av at det etter &#8230; <a title=\"Kirkeskipet\" class=\"read-more\" href=\"http:\/\/tingvoll.net\/kirka\/kirkeskipet\/\" aria-label=\"Read more about Kirkeskipet\">Les mer<\/a><\/p>\n","protected":false},"author":1,"featured_media":0,"parent":0,"menu_order":0,"comment_status":"closed","ping_status":"closed","template":"","meta":{"footnotes":""},"class_list":["post-265","page","type-page","status-publish"],"_links":{"self":[{"href":"http:\/\/tingvoll.net\/kirka\/wp-json\/wp\/v2\/pages\/265","targetHints":{"allow":["GET"]}}],"collection":[{"href":"http:\/\/tingvoll.net\/kirka\/wp-json\/wp\/v2\/pages"}],"about":[{"href":"http:\/\/tingvoll.net\/kirka\/wp-json\/wp\/v2\/types\/page"}],"author":[{"embeddable":true,"href":"http:\/\/tingvoll.net\/kirka\/wp-json\/wp\/v2\/users\/1"}],"replies":[{"embeddable":true,"href":"http:\/\/tingvoll.net\/kirka\/wp-json\/wp\/v2\/comments?post=265"}],"version-history":[{"count":1,"href":"http:\/\/tingvoll.net\/kirka\/wp-json\/wp\/v2\/pages\/265\/revisions"}],"predecessor-version":[{"id":267,"href":"http:\/\/tingvoll.net\/kirka\/wp-json\/wp\/v2\/pages\/265\/revisions\/267"}],"wp:attachment":[{"href":"http:\/\/tingvoll.net\/kirka\/wp-json\/wp\/v2\/media?parent=265"}],"curies":[{"name":"wp","href":"https:\/\/api.w.org\/{rel}","templated":true}]}}