{"id":275,"date":"2023-02-09T14:18:24","date_gmt":"2023-02-09T14:18:24","guid":{"rendered":"http:\/\/tingvoll.net\/kirka\/?page_id=275"},"modified":"2023-02-09T14:18:25","modified_gmt":"2023-02-09T14:18:25","slug":"glassmaleri","status":"publish","type":"page","link":"http:\/\/tingvoll.net\/kirka\/glassmaleri\/","title":{"rendered":"Glassmaleri"},"content":{"rendered":"\n<div class=\"wp-block-media-text alignwide is-stacked-on-mobile\"><figure class=\"wp-block-media-text__media\"><img loading=\"lazy\" decoding=\"async\" width=\"89\" height=\"264\" src=\"https:\/\/tingvoll.net\/kirka\/wp-content\/uploads\/2023\/02\/glasmal.jpg\" alt=\"\" class=\"wp-image-276 size-full\"\/><\/figure><div class=\"wp-block-media-text__content\">\n<p>I 1930-\u00e5rene fikk kirken glassmalerier laget av glassmaleren ved Nidarosdomen, Gabriel Kielland. I vestveggen er motivet Jesus med Moses og Elias p\u00e5 forklaringens berg, i \u00f8stre korvegg; Jesus og evangelistene. Bildet her er fra nordveggen i koret og viser engelen og gjeterne f\u00f8rste julenatten.<br><br> P\u00e5 den andre siden er det kvinnene ved den tomme graven p\u00e5 p\u00e5skemorgen. Alle glassmaleriene er en gave fra fabrikkeier Hjalmar Johnsen i Oslo, &laquo;Fedrene i Tingvoll til minne&raquo;. Hans far var fra Kristenvika i n\u00e5v\u00e6rende Gjemnes kommune som da h\u00f8rte til Tingvoll.<\/p>\n<\/div><\/div>\n","protected":false},"excerpt":{"rendered":"<p>I 1930-\u00e5rene fikk kirken glassmalerier laget av glassmaleren ved Nidarosdomen, Gabriel Kielland. I vestveggen er motivet Jesus med Moses og Elias p\u00e5 forklaringens berg, i \u00f8stre korvegg; Jesus og evangelistene. Bildet her er fra nordveggen i koret og viser engelen og gjeterne f\u00f8rste julenatten. P\u00e5 den andre siden er det kvinnene ved den tomme graven &#8230; <a title=\"Glassmaleri\" class=\"read-more\" href=\"http:\/\/tingvoll.net\/kirka\/glassmaleri\/\" aria-label=\"Read more about Glassmaleri\">Les mer<\/a><\/p>\n","protected":false},"author":1,"featured_media":0,"parent":0,"menu_order":0,"comment_status":"closed","ping_status":"closed","template":"","meta":{"footnotes":""},"class_list":["post-275","page","type-page","status-publish"],"_links":{"self":[{"href":"http:\/\/tingvoll.net\/kirka\/wp-json\/wp\/v2\/pages\/275","targetHints":{"allow":["GET"]}}],"collection":[{"href":"http:\/\/tingvoll.net\/kirka\/wp-json\/wp\/v2\/pages"}],"about":[{"href":"http:\/\/tingvoll.net\/kirka\/wp-json\/wp\/v2\/types\/page"}],"author":[{"embeddable":true,"href":"http:\/\/tingvoll.net\/kirka\/wp-json\/wp\/v2\/users\/1"}],"replies":[{"embeddable":true,"href":"http:\/\/tingvoll.net\/kirka\/wp-json\/wp\/v2\/comments?post=275"}],"version-history":[{"count":1,"href":"http:\/\/tingvoll.net\/kirka\/wp-json\/wp\/v2\/pages\/275\/revisions"}],"predecessor-version":[{"id":277,"href":"http:\/\/tingvoll.net\/kirka\/wp-json\/wp\/v2\/pages\/275\/revisions\/277"}],"wp:attachment":[{"href":"http:\/\/tingvoll.net\/kirka\/wp-json\/wp\/v2\/media?parent=275"}],"curies":[{"name":"wp","href":"https:\/\/api.w.org\/{rel}","templated":true}]}}