{"id":280,"date":"2023-02-09T14:19:46","date_gmt":"2023-02-09T14:19:46","guid":{"rendered":"http:\/\/tingvoll.net\/kirka\/?page_id=280"},"modified":"2023-02-09T14:19:47","modified_gmt":"2023-02-09T14:19:47","slug":"gravplass","status":"publish","type":"page","link":"http:\/\/tingvoll.net\/kirka\/gravplass\/","title":{"rendered":"Gravplass"},"content":{"rendered":"\n<div class=\"wp-block-media-text alignwide is-stacked-on-mobile\"><figure class=\"wp-block-media-text__media\"><img loading=\"lazy\" decoding=\"async\" width=\"640\" height=\"408\" src=\"https:\/\/tingvoll.net\/kirka\/wp-content\/uploads\/2023\/02\/gaard.jpg\" alt=\"\" class=\"wp-image-281 size-full\" srcset=\"http:\/\/tingvoll.net\/kirka\/wp-content\/uploads\/2023\/02\/gaard.jpg 640w, http:\/\/tingvoll.net\/kirka\/wp-content\/uploads\/2023\/02\/gaard-300x191.jpg 300w\" sizes=\"auto, (max-width: 640px) 100vw, 640px\" \/><\/figure><div class=\"wp-block-media-text__content\">\n<p>Helt fra f\u00f8rste tid fikk kirken innviet gravplass, helst med stengjerde rundt. Kirkeg\u00e5rden er blitt utvidet flere ganger. Etter at kirken fikk graver og kirketjener i full stilling har kirkeg\u00e5rden v\u00e6rt velstelt og vakker.<\/p>\n<\/div><\/div>\n","protected":false},"excerpt":{"rendered":"<p>Helt fra f\u00f8rste tid fikk kirken innviet gravplass, helst med stengjerde rundt. Kirkeg\u00e5rden er blitt utvidet flere ganger. Etter at kirken fikk graver og kirketjener i full stilling har kirkeg\u00e5rden v\u00e6rt velstelt og vakker.<\/p>\n","protected":false},"author":1,"featured_media":0,"parent":0,"menu_order":0,"comment_status":"closed","ping_status":"closed","template":"","meta":{"footnotes":""},"class_list":["post-280","page","type-page","status-publish"],"_links":{"self":[{"href":"http:\/\/tingvoll.net\/kirka\/wp-json\/wp\/v2\/pages\/280","targetHints":{"allow":["GET"]}}],"collection":[{"href":"http:\/\/tingvoll.net\/kirka\/wp-json\/wp\/v2\/pages"}],"about":[{"href":"http:\/\/tingvoll.net\/kirka\/wp-json\/wp\/v2\/types\/page"}],"author":[{"embeddable":true,"href":"http:\/\/tingvoll.net\/kirka\/wp-json\/wp\/v2\/users\/1"}],"replies":[{"embeddable":true,"href":"http:\/\/tingvoll.net\/kirka\/wp-json\/wp\/v2\/comments?post=280"}],"version-history":[{"count":1,"href":"http:\/\/tingvoll.net\/kirka\/wp-json\/wp\/v2\/pages\/280\/revisions"}],"predecessor-version":[{"id":282,"href":"http:\/\/tingvoll.net\/kirka\/wp-json\/wp\/v2\/pages\/280\/revisions\/282"}],"wp:attachment":[{"href":"http:\/\/tingvoll.net\/kirka\/wp-json\/wp\/v2\/media?parent=280"}],"curies":[{"name":"wp","href":"https:\/\/api.w.org\/{rel}","templated":true}]}}