{"id":37,"date":"2023-02-08T13:23:49","date_gmt":"2023-02-08T13:23:49","guid":{"rendered":"http:\/\/tingvoll.net\/kirka\/?page_id=37"},"modified":"2023-02-08T20:49:14","modified_gmt":"2023-02-08T20:49:14","slug":"tingvoll","status":"publish","type":"page","link":"http:\/\/tingvoll.net\/kirka\/tingvoll\/","title":{"rendered":"Om Tingvoll"},"content":{"rendered":"\n<div class=\"wp-block-media-text alignwide is-stacked-on-mobile\"><figure class=\"wp-block-media-text__media\"><img loading=\"lazy\" decoding=\"async\" width=\"637\" height=\"351\" src=\"https:\/\/tingvoll.net\/kirka\/wp-content\/uploads\/2023\/02\/image1.jpg\" alt=\"\" class=\"wp-image-43 size-full\" srcset=\"http:\/\/tingvoll.net\/kirka\/wp-content\/uploads\/2023\/02\/image1.jpg 637w, http:\/\/tingvoll.net\/kirka\/wp-content\/uploads\/2023\/02\/image1-300x165.jpg 300w\" sizes=\"auto, (max-width: 637px) 100vw, 637px\" \/><\/figure><div class=\"wp-block-media-text__content\">\n<p>Den over 800 \u00e5r gamle Tingvoll kirke og det store vinkelbygde presteg\u00e5rdshuset ligger vakkert til p\u00e5 nordsiden av Tingvollv\u00e5gen.&nbsp;<\/p>\n\n\n\n<p>Tingvoll var i gammel tid tingsted for Nordm\u00f8re fylke, og her stod da fylkeshovet med sine gudebilder. Hovet ble ventelig revet og brendt av Olav Trygvason, slik han gjorde med hovet p\u00e5 Lade, etter det Snorre forteller. Brannlag under kirken kan v\u00e6re et minne om det. Rundt \u00e5r 1000 ble det trolig bygget en trekirke (stavkirke) som stod inntil Gunnar &laquo;gjorde dette huset&raquo;.<\/p>\n<\/div><\/div>\n","protected":false},"excerpt":{"rendered":"<p>Den over 800 \u00e5r gamle Tingvoll kirke og det store vinkelbygde presteg\u00e5rdshuset ligger vakkert til p\u00e5 nordsiden av Tingvollv\u00e5gen.&nbsp; Tingvoll var i gammel tid tingsted for Nordm\u00f8re fylke, og her stod da fylkeshovet med sine gudebilder. Hovet ble ventelig revet og brendt av Olav Trygvason, slik han gjorde med hovet p\u00e5 Lade, etter det Snorre &#8230; <a title=\"Om Tingvoll\" class=\"read-more\" href=\"http:\/\/tingvoll.net\/kirka\/tingvoll\/\" aria-label=\"Read more about Om Tingvoll\">Les mer<\/a><\/p>\n","protected":false},"author":1,"featured_media":0,"parent":0,"menu_order":0,"comment_status":"closed","ping_status":"closed","template":"","meta":{"footnotes":""},"class_list":["post-37","page","type-page","status-publish"],"_links":{"self":[{"href":"http:\/\/tingvoll.net\/kirka\/wp-json\/wp\/v2\/pages\/37","targetHints":{"allow":["GET"]}}],"collection":[{"href":"http:\/\/tingvoll.net\/kirka\/wp-json\/wp\/v2\/pages"}],"about":[{"href":"http:\/\/tingvoll.net\/kirka\/wp-json\/wp\/v2\/types\/page"}],"author":[{"embeddable":true,"href":"http:\/\/tingvoll.net\/kirka\/wp-json\/wp\/v2\/users\/1"}],"replies":[{"embeddable":true,"href":"http:\/\/tingvoll.net\/kirka\/wp-json\/wp\/v2\/comments?post=37"}],"version-history":[{"count":3,"href":"http:\/\/tingvoll.net\/kirka\/wp-json\/wp\/v2\/pages\/37\/revisions"}],"predecessor-version":[{"id":96,"href":"http:\/\/tingvoll.net\/kirka\/wp-json\/wp\/v2\/pages\/37\/revisions\/96"}],"wp:attachment":[{"href":"http:\/\/tingvoll.net\/kirka\/wp-json\/wp\/v2\/media?parent=37"}],"curies":[{"name":"wp","href":"https:\/\/api.w.org\/{rel}","templated":true}]}}