{"id":65,"date":"2023-02-08T20:24:28","date_gmt":"2023-02-08T20:24:28","guid":{"rendered":"http:\/\/tingvoll.net\/kirka\/?page_id=65"},"modified":"2023-02-08T20:46:24","modified_gmt":"2023-02-08T20:46:24","slug":"kirken-fra-nordvest","status":"publish","type":"page","link":"http:\/\/tingvoll.net\/kirka\/kirken-fra-nordvest\/","title":{"rendered":"Kirken fra nordvest"},"content":{"rendered":"\n<div class=\"wp-block-media-text alignwide is-stacked-on-mobile\"><figure class=\"wp-block-media-text__media\"><img loading=\"lazy\" decoding=\"async\" width=\"480\" height=\"640\" src=\"https:\/\/tingvoll.net\/kirka\/wp-content\/uploads\/2023\/02\/franw.jpg\" alt=\"\" class=\"wp-image-66 size-full\" srcset=\"http:\/\/tingvoll.net\/kirka\/wp-content\/uploads\/2023\/02\/franw.jpg 480w, http:\/\/tingvoll.net\/kirka\/wp-content\/uploads\/2023\/02\/franw-225x300.jpg 225w\" sizes=\"auto, (max-width: 480px) 100vw, 480px\" \/><\/figure><div class=\"wp-block-media-text__content\">\n<p>Her ser vi kirken fra nordvest med koret til venstre. Hele lengden er 32 m, t\u00e5rnet med spir er 36 m h\u00f8yt. Dette t\u00e5rnet er fra 1787 og er bygget av kirkebyggeren Fredrik Bertelsen \u00d8degaard i Straumsnes. Initialene hans, F.S.B., st\u00e5r ennu i t\u00e5rnfl\u00f8yen. T\u00e5rnet er n\u00e5 det fjerde i rekken av de en vet om. Kirken hadde spontak helt til 1708, senere teglstenstak og fra 1906 skiferstenstak. I t\u00e5rnet henger tre klokker, den eldste ble omst\u00f8pt i 1705<\/p>\n<\/div><\/div>\n","protected":false},"excerpt":{"rendered":"<p>Her ser vi kirken fra nordvest med koret til venstre. Hele lengden er 32 m, t\u00e5rnet med spir er 36 m h\u00f8yt. Dette t\u00e5rnet er fra 1787 og er bygget av kirkebyggeren Fredrik Bertelsen \u00d8degaard i Straumsnes. Initialene hans, F.S.B., st\u00e5r ennu i t\u00e5rnfl\u00f8yen. T\u00e5rnet er n\u00e5 det fjerde i rekken av de en vet &#8230; <a title=\"Kirken fra nordvest\" class=\"read-more\" href=\"http:\/\/tingvoll.net\/kirka\/kirken-fra-nordvest\/\" aria-label=\"Read more about Kirken fra nordvest\">Les mer<\/a><\/p>\n","protected":false},"author":1,"featured_media":0,"parent":0,"menu_order":0,"comment_status":"closed","ping_status":"closed","template":"","meta":{"footnotes":""},"class_list":["post-65","page","type-page","status-publish"],"_links":{"self":[{"href":"http:\/\/tingvoll.net\/kirka\/wp-json\/wp\/v2\/pages\/65","targetHints":{"allow":["GET"]}}],"collection":[{"href":"http:\/\/tingvoll.net\/kirka\/wp-json\/wp\/v2\/pages"}],"about":[{"href":"http:\/\/tingvoll.net\/kirka\/wp-json\/wp\/v2\/types\/page"}],"author":[{"embeddable":true,"href":"http:\/\/tingvoll.net\/kirka\/wp-json\/wp\/v2\/users\/1"}],"replies":[{"embeddable":true,"href":"http:\/\/tingvoll.net\/kirka\/wp-json\/wp\/v2\/comments?post=65"}],"version-history":[{"count":2,"href":"http:\/\/tingvoll.net\/kirka\/wp-json\/wp\/v2\/pages\/65\/revisions"}],"predecessor-version":[{"id":94,"href":"http:\/\/tingvoll.net\/kirka\/wp-json\/wp\/v2\/pages\/65\/revisions\/94"}],"wp:attachment":[{"href":"http:\/\/tingvoll.net\/kirka\/wp-json\/wp\/v2\/media?parent=65"}],"curies":[{"name":"wp","href":"https:\/\/api.w.org\/{rel}","templated":true}]}}