{"id":76,"date":"2023-02-08T20:31:24","date_gmt":"2023-02-08T20:31:24","guid":{"rendered":"http:\/\/tingvoll.net\/kirka\/?page_id=76"},"modified":"2023-02-08T20:48:23","modified_gmt":"2023-02-08T20:48:23","slug":"vestveggen","status":"publish","type":"page","link":"http:\/\/tingvoll.net\/kirka\/vestveggen\/","title":{"rendered":"Vestveggen"},"content":{"rendered":"\n<div class=\"wp-block-media-text alignwide is-stacked-on-mobile\"><figure class=\"wp-block-media-text__media\"><img loading=\"lazy\" decoding=\"async\" width=\"429\" height=\"635\" src=\"https:\/\/tingvoll.net\/kirka\/wp-content\/uploads\/2023\/02\/westvall.jpg\" alt=\"\" class=\"wp-image-77 size-full\" srcset=\"http:\/\/tingvoll.net\/kirka\/wp-content\/uploads\/2023\/02\/westvall.jpg 429w, http:\/\/tingvoll.net\/kirka\/wp-content\/uploads\/2023\/02\/westvall-203x300.jpg 203w\" sizes=\"auto, (max-width: 429px) 100vw, 429px\" \/><\/figure><div class=\"wp-block-media-text__content\">\n<p>Vestveggen eller vestfronten er uvanlig h\u00f8yreist og vakker. Det er katedralstil eller domkirkestil over den, med h\u00f8y rundbuet inngangsportal, og tre store rundbuede vindu, og h\u00f8yt oppunder taket, et rundt vindu. Kirken er bygget opp av gr\u00e5stein men med fint tilhuggede marmorblokker i hj\u00f8rne, portaler og de store glass\u00e5pningene. Byggem\u00e5ten er kalt kistemur eller skallmur. <\/p>\n\n\n\n<p>En kistemur har et solid oppmurt &laquo;skall&raquo; p\u00e5 utsiden og innsiden av muren med en murkjerne imellem, og det hele sammenbundet med kalkm\u00f8rtel. Murtykkelsen er 1,8 meter, sideveggene i koret er noe mindre tykke. Tenk p\u00e5 alt arbeidet som l\u00e5 bak; i stenbruddet, ved fremf\u00f8ringen av stenene, og s\u00e5 oppf\u00f8relsen av de h\u00f8ye og tykke murene! Det m\u00e5tte ta lang tid, kanskje \u00e5r f\u00f8r kirken stod ferdig. Det stod fagfolk bak! Murveggene er enn\u00e5 like jevne og fine og hj\u00f8rnene er like rette som for 800 \u00e5r siden. Ogs\u00e5 i s\u00e5 m\u00e5te er Tingvoll kirke en av de sjeldne.<\/p>\n<\/div><\/div>\n","protected":false},"excerpt":{"rendered":"<p>Vestveggen eller vestfronten er uvanlig h\u00f8yreist og vakker. Det er katedralstil eller domkirkestil over den, med h\u00f8y rundbuet inngangsportal, og tre store rundbuede vindu, og h\u00f8yt oppunder taket, et rundt vindu. Kirken er bygget opp av gr\u00e5stein men med fint tilhuggede marmorblokker i hj\u00f8rne, portaler og de store glass\u00e5pningene. Byggem\u00e5ten er kalt kistemur eller skallmur. &#8230; <a title=\"Vestveggen\" class=\"read-more\" href=\"http:\/\/tingvoll.net\/kirka\/vestveggen\/\" aria-label=\"Read more about Vestveggen\">Les mer<\/a><\/p>\n","protected":false},"author":1,"featured_media":0,"parent":0,"menu_order":0,"comment_status":"closed","ping_status":"closed","template":"","meta":{"footnotes":""},"class_list":["post-76","page","type-page","status-publish"],"_links":{"self":[{"href":"http:\/\/tingvoll.net\/kirka\/wp-json\/wp\/v2\/pages\/76","targetHints":{"allow":["GET"]}}],"collection":[{"href":"http:\/\/tingvoll.net\/kirka\/wp-json\/wp\/v2\/pages"}],"about":[{"href":"http:\/\/tingvoll.net\/kirka\/wp-json\/wp\/v2\/types\/page"}],"author":[{"embeddable":true,"href":"http:\/\/tingvoll.net\/kirka\/wp-json\/wp\/v2\/users\/1"}],"replies":[{"embeddable":true,"href":"http:\/\/tingvoll.net\/kirka\/wp-json\/wp\/v2\/comments?post=76"}],"version-history":[{"count":2,"href":"http:\/\/tingvoll.net\/kirka\/wp-json\/wp\/v2\/pages\/76\/revisions"}],"predecessor-version":[{"id":95,"href":"http:\/\/tingvoll.net\/kirka\/wp-json\/wp\/v2\/pages\/76\/revisions\/95"}],"wp:attachment":[{"href":"http:\/\/tingvoll.net\/kirka\/wp-json\/wp\/v2\/media?parent=76"}],"curies":[{"name":"wp","href":"https:\/\/api.w.org\/{rel}","templated":true}]}}