{"id":1636,"date":"2022-03-30T17:28:34","date_gmt":"2022-03-30T15:28:34","guid":{"rendered":"https:\/\/tingvoll.net\/new\/?page_id=1636"},"modified":"2022-03-30T17:28:37","modified_gmt":"2022-03-30T15:28:37","slug":"fritid-i-tingvoll","status":"publish","type":"page","link":"https:\/\/tingvoll.net\/index.php\/fritid-i-tingvoll\/","title":{"rendered":"Fritid i Tingvoll"},"content":{"rendered":"\n<p>Tingvoll kommune har et rikt kulturliv. P\u00e5 fritiden har du mulighet til \u00e5 velge organiserte aktiviteter innen idrett og kultur.&nbsp;<\/p>\n\n\n\n<p>I tillegg s\u00e5 har kommunen en variert natur med mange merkede turm\u00e5l. Her er alt fra turer for funksjonshemmede til toppturer over 1100 meter. (<a href=\"https:\/\/morotur.no\/tur\/Smisetnebba-1175-moh\" target=\"_blank\" rel=\"noreferrer noopener\">Smisetnebba<\/a>)<\/p>\n\n\n\n<p>Vi jobber n\u00e5 med \u00e5 f\u00e5 en oversikt over alle lag og foreninger, med kontaktindo, slik at du finner den som du kan kontakte hvis du \u00f8nsker mer opplysninger.\u00a0<br><br>Vi har ogs\u00e5 samlet musikere fra Tingvoll som har sangene sine p\u00e5 YouTube. <\/p>\n","protected":false},"excerpt":{"rendered":"<p>Tingvoll kommune har et rikt kulturliv. P\u00e5 fritiden har du mulighet til \u00e5 velge organiserte aktiviteter innen idrett og kultur.&nbsp; I tillegg s\u00e5 har kommunen en variert natur med mange merkede turm\u00e5l. Her er alt fra turer for funksjonshemmede til toppturer over 1100 meter. (Smisetnebba) Vi jobber n\u00e5 med \u00e5 f\u00e5 en oversikt over alle &#8230; <a title=\"Fritid i Tingvoll\" class=\"read-more\" href=\"https:\/\/tingvoll.net\/index.php\/fritid-i-tingvoll\/\" aria-label=\"Read more about Fritid i Tingvoll\">Les mer<\/a><\/p>\n","protected":false},"author":10,"featured_media":0,"parent":0,"menu_order":0,"comment_status":"closed","ping_status":"closed","template":"","meta":{"footnotes":""},"class_list":["post-1636","page","type-page","status-publish"],"_links":{"self":[{"href":"https:\/\/tingvoll.net\/index.php\/wp-json\/wp\/v2\/pages\/1636","targetHints":{"allow":["GET"]}}],"collection":[{"href":"https:\/\/tingvoll.net\/index.php\/wp-json\/wp\/v2\/pages"}],"about":[{"href":"https:\/\/tingvoll.net\/index.php\/wp-json\/wp\/v2\/types\/page"}],"author":[{"embeddable":true,"href":"https:\/\/tingvoll.net\/index.php\/wp-json\/wp\/v2\/users\/10"}],"replies":[{"embeddable":true,"href":"https:\/\/tingvoll.net\/index.php\/wp-json\/wp\/v2\/comments?post=1636"}],"version-history":[{"count":0,"href":"https:\/\/tingvoll.net\/index.php\/wp-json\/wp\/v2\/pages\/1636\/revisions"}],"wp:attachment":[{"href":"https:\/\/tingvoll.net\/index.php\/wp-json\/wp\/v2\/media?parent=1636"}],"curies":[{"name":"wp","href":"https:\/\/api.w.org\/{rel}","templated":true}]}}