{"id":244,"date":"2022-03-26T00:37:59","date_gmt":"2022-03-26T00:37:59","guid":{"rendered":"https:\/\/tingvoll.net\/new\/?page_id=244"},"modified":"2022-03-26T08:07:59","modified_gmt":"2022-03-26T08:07:59","slug":"skispor","status":"publish","type":"page","link":"https:\/\/tingvoll.net\/index.php\/skispor\/","title":{"rendered":"Skispor"},"content":{"rendered":"\n<iframe loading=\"lazy\" src=\"https:\/\/loyper.net\/#embed\/tingvoll\" height=\"600\" width=\"700\" allowfullscreen=\"\"><\/iframe>\n\n\n\n<p>Det er Tingvoll Idrettslag som kj\u00f8rer opp skispor i lysl\u00f8ypa og p\u00e5 Reitfjellet. <br><br>Du kan lese mer om idrettslaget p\u00e5 <a href=\"https:\/\/tingvollil.no\/nar-er-det-oppkjort-skispor\/\" data-type=\"URL\" data-id=\"https:\/\/tingvollil.no\/nar-er-det-oppkjort-skispor\/\" target=\"_blank\" rel=\"noreferrer noopener\">Tingvoll IL sin hjemmeside <\/a> <\/p>\n","protected":false},"excerpt":{"rendered":"<p>Det er Tingvoll Idrettslag som kj\u00f8rer opp skispor i lysl\u00f8ypa og p\u00e5 Reitfjellet. Du kan lese mer om idrettslaget p\u00e5 Tingvoll IL sin hjemmeside<\/p>\n","protected":false},"author":10,"featured_media":0,"parent":0,"menu_order":0,"comment_status":"closed","ping_status":"closed","template":"","meta":{"footnotes":""},"class_list":["post-244","page","type-page","status-publish"],"_links":{"self":[{"href":"https:\/\/tingvoll.net\/index.php\/wp-json\/wp\/v2\/pages\/244","targetHints":{"allow":["GET"]}}],"collection":[{"href":"https:\/\/tingvoll.net\/index.php\/wp-json\/wp\/v2\/pages"}],"about":[{"href":"https:\/\/tingvoll.net\/index.php\/wp-json\/wp\/v2\/types\/page"}],"author":[{"embeddable":true,"href":"https:\/\/tingvoll.net\/index.php\/wp-json\/wp\/v2\/users\/10"}],"replies":[{"embeddable":true,"href":"https:\/\/tingvoll.net\/index.php\/wp-json\/wp\/v2\/comments?post=244"}],"version-history":[{"count":0,"href":"https:\/\/tingvoll.net\/index.php\/wp-json\/wp\/v2\/pages\/244\/revisions"}],"wp:attachment":[{"href":"https:\/\/tingvoll.net\/index.php\/wp-json\/wp\/v2\/media?parent=244"}],"curies":[{"name":"wp","href":"https:\/\/api.w.org\/{rel}","templated":true}]}}