{"id":266,"date":"2022-03-26T08:11:00","date_gmt":"2022-03-26T08:11:00","guid":{"rendered":"https:\/\/tingvoll.net\/new\/?page_id=266"},"modified":"2022-03-26T08:13:28","modified_gmt":"2022-03-26T08:13:28","slug":"arbeid-i-tingvoll","status":"publish","type":"page","link":"https:\/\/tingvoll.net\/index.php\/arbeid-i-tingvoll\/","title":{"rendered":"Arbeid i Tingvoll"},"content":{"rendered":"\n<p>Tingvoll har mange bedrifter som av og til trenger nye ansatte. Her har vi samlet linker som er aktuelle for deg som \u00f8nsker \u00e5 skaffe deg jobb i Tingvoll kommune.\u00a0<br>Vi jobber ogs\u00e5 med en egen bedriftsdatabase med oversikt over alle bedriftene. Vi h\u00e5per \u00e5 ha den klar i l\u00f8pet av kort tid.<br><br><a rel=\"noreferrer noopener\" href=\"https:\/\/arbeidsplassen.nav.no\/stillinger?counties[]=M\u00d8RE%20OG%20ROMSDAL&amp;municipals[]=M\u00d8RE%20OG%20ROMSDAL.TINGVOLL\" target=\"_blank\">Ledige stillinger p\u00e5 Arbeidsplassen.no<\/a><a rel=\"noreferrer noopener\" href=\"https:\/\/tingvoll.easycruit.com\" target=\"_blank\"><br><br>Ledige stillinger i Tingvoll kommune:<\/a><br><a rel=\"noreferrer noopener\" href=\"https:\/\/www.tingvoll.kommune.no\/administrasjon\/ledige-stillinger\/\" target=\"_blank\">Du kan ogs\u00e5 lese mer p\u00e5 kommunens hjemmeside.<\/a><\/p>\n\n\n\n<p><a href=\"https:\/\/www.finn.no\/job\/fulltime\/search.html?filters=&amp;location=1.20001.20015&amp;location=2.20001.20015.20310\" target=\"_blank\" rel=\"noreferrer noopener\">Her finner du ledige stillinger i Tingvoll p\u00e5 Finn.no.<\/a>&nbsp;<br><br><a href=\"https:\/\/www.tingvoll.kommune.no\/tjenester\/plan-bygg-og-eiendom\/salg-av-naringsarealer\/\" target=\"_blank\" rel=\"noreferrer noopener\">Her finner du n\u00e6ringsareal som er tilsalgs av Tingvoll kommune.&nbsp;<\/a><\/p>\n","protected":false},"excerpt":{"rendered":"<p>Tingvoll har mange bedrifter som av og til trenger nye ansatte. Her har vi samlet linker som er aktuelle for deg som \u00f8nsker \u00e5 skaffe deg jobb i Tingvoll kommune.\u00a0Vi jobber ogs\u00e5 med en egen bedriftsdatabase med oversikt over alle bedriftene. Vi h\u00e5per \u00e5 ha den klar i l\u00f8pet av kort tid. Ledige stillinger p\u00e5 &#8230; <a title=\"Arbeid i Tingvoll\" class=\"read-more\" href=\"https:\/\/tingvoll.net\/index.php\/arbeid-i-tingvoll\/\" aria-label=\"Read more about Arbeid i Tingvoll\">Les mer<\/a><\/p>\n","protected":false},"author":10,"featured_media":0,"parent":0,"menu_order":0,"comment_status":"closed","ping_status":"closed","template":"","meta":{"footnotes":""},"class_list":["post-266","page","type-page","status-publish"],"_links":{"self":[{"href":"https:\/\/tingvoll.net\/index.php\/wp-json\/wp\/v2\/pages\/266","targetHints":{"allow":["GET"]}}],"collection":[{"href":"https:\/\/tingvoll.net\/index.php\/wp-json\/wp\/v2\/pages"}],"about":[{"href":"https:\/\/tingvoll.net\/index.php\/wp-json\/wp\/v2\/types\/page"}],"author":[{"embeddable":true,"href":"https:\/\/tingvoll.net\/index.php\/wp-json\/wp\/v2\/users\/10"}],"replies":[{"embeddable":true,"href":"https:\/\/tingvoll.net\/index.php\/wp-json\/wp\/v2\/comments?post=266"}],"version-history":[{"count":0,"href":"https:\/\/tingvoll.net\/index.php\/wp-json\/wp\/v2\/pages\/266\/revisions"}],"wp:attachment":[{"href":"https:\/\/tingvoll.net\/index.php\/wp-json\/wp\/v2\/media?parent=266"}],"curies":[{"name":"wp","href":"https:\/\/api.w.org\/{rel}","templated":true}]}}