{"id":398,"date":"2022-03-26T22:12:19","date_gmt":"2022-03-26T22:12:19","guid":{"rendered":"https:\/\/tingvoll.net\/new\/?page_id=398"},"modified":"2025-08-16T14:07:26","modified_gmt":"2025-08-16T12:07:26","slug":"nyheter-2","status":"publish","type":"page","link":"https:\/\/tingvoll.net\/index.php\/nyheter-2\/","title":{"rendered":"Nyheter"},"content":{"rendered":"<p>Her kan du lese nyheter fra rundt omkring Tingvoll. (NB: Hvis det er pluss saker, s\u00e5 m\u00e5 du selv ha et gyldig abonnement). <i><\/i><i><\/i><\/p>\n<p><b>Nyheter fra Tingvoll Idrettslag:<\/b><br \/>\n[rss_modern_featured_scrape url=&raquo;https:\/\/tingvollil.no\/feed\/&raquo; antall=&raquo;5&#8243; ord=&raquo;25&#8243;]<\/p>\n<p><b>Nyheter fra Romsdals Budstikke:<\/b><br \/>\n[rss_modern_featured_scrape url=&raquo;https:\/\/www.rbnett.no\/?service=rssfeed&raquo; antall=&raquo;5&#8243; ord=&raquo;25&#8243;]<\/p>\n<p><b>Nyheter fra NRK M\u00f8re og Romsdal:<br \/>\n<\/b>[rss_modern_featured_scrape url=&raquo;https:\/\/www.nrk.no\/mr\/siste.rss&raquo; antall=&raquo;5&#8243; ord=&raquo;25&#8243;]<br \/>\n<b><\/b><\/p>\n<p><strong>Nyheter fra Driva:<\/strong><br \/>\n[rss_modern_featured_scrape url=&raquo;https:\/\/www.driva.no\/?service=rssfeed&raquo; antall=&raquo;5&#8243; ord=&raquo;25&#8243;]<br \/>\n<b><\/b><\/p>\n<p><strong>Nyheter fra Aura Avis<\/strong><br \/>\n<div class=\"wpra-display align\" data-display-id=\"2\" hx-target=\"this\" hx-swap=\"outerHTML\">    <div class=\"wp-rss-aggregator wpra-list-template \">\n        <ul class=\"rss-aggregator wpra-item-list \" start=\"1\">\n                <li class=\"wpra-item feed-item \">\n        <a href=\"https:\/\/www.auraavis.no\/se-bildene-innsatsen-pa-topp\/g\/5-5-708286\" class=\"\" target=\"_blank\" rel=\"noopener noreferrer nofollow\" style=\"\">Se bildene: Innsatsen p\u00e5 topp<\/a>\n\n        <div class=\"wprss-feed-meta\">\n            \n                <span class=\"feed-date\">\n        Publisert 16-08-2025\n    <\/span>\n            \n        <\/div>\n\n        \n    <\/li>    <li class=\"wpra-item feed-item \">\n        <a href=\"https:\/\/www.auraavis.no\/moro-med-friidrett-ei-hel-uke-klarer-ikke-a-sitte-i-ro\/s\/5-5-708150\" class=\"\" target=\"_blank\" rel=\"noopener noreferrer nofollow\" style=\"\">Moro med friidrett ei hel uke: \u2013 Klarer ikke \u00e5 sitte i ro<\/a>\n\n        <div class=\"wprss-feed-meta\">\n            \n                <span class=\"feed-date\">\n        Publisert 16-08-2025\n    <\/span>\n            \n        <\/div>\n\n        \n    <\/li>    <li class=\"wpra-item feed-item \">\n        <a href=\"https:\/\/www.auraavis.no\/dette-er-nok-slutten-pa-yrkeslivet-mitt\/s\/5-5-705539\" class=\"\" target=\"_blank\" rel=\"noopener noreferrer nofollow\" style=\"\">\u2013 Dette er nok slutten p\u00e5 yrkeslivet mitt<\/a>\n\n        <div class=\"wprss-feed-meta\">\n            \n                <span class=\"feed-date\">\n        Publisert 16-08-2025\n    <\/span>\n            \n        <\/div>\n\n        \n    <\/li>    <li class=\"wpra-item feed-item \">\n        <a href=\"https:\/\/www.auraavis.no\/drommehytta-ble-et-utgiftssluk-70-000-kroner-i-aret-bare-for-a-eie-den\/s\/5-50-2156392\" class=\"\" target=\"_blank\" rel=\"noopener noreferrer nofollow\" style=\"\">Dr\u00f8mmehytta ble et utgiftssluk: \u2013 70.000 kroner i \u00e5ret bare for \u00e5 eie den<\/a>\n\n        <div class=\"wprss-feed-meta\">\n            \n                <span class=\"feed-date\">\n        Publisert 16-08-2025\n    <\/span>\n            \n        <\/div>\n\n        \n    <\/li>\n        <\/ul>\n    <\/div> <\/div><\/p>\n<p><b>Nyheter fra Tidens Krav<br \/>\n<\/b><div class=\"wpra-display align\" data-display-id=\"2\" hx-target=\"this\" hx-swap=\"outerHTML\">    <div class=\"wp-rss-aggregator wpra-list-template \">\n        <ul class=\"rss-aggregator wpra-item-list \" start=\"1\">\n                <li class=\"wpra-item feed-item \">\n        <a href=\"https:\/\/www.tk.no\/stor-oversikt-dette-kjoper-nordmoringene-mest-av-pa-polet\/s\/5-51-1728019\" class=\"\" target=\"_blank\" rel=\"noopener noreferrer nofollow\" style=\"\">Stor oversikt: Dette kj\u00f8per nordm\u00f8ringene mest av p\u00e5 polet<\/a>\n\n        <div class=\"wprss-feed-meta\">\n            \n                <span class=\"feed-date\">\n        Publisert 16-08-2025\n    <\/span>\n            \n        <\/div>\n\n        \n    <\/li>    <li class=\"wpra-item feed-item \">\n        <a href=\"https:\/\/www.tk.no\/havorn-fra-smola-flyr-hoyt-i-irland\/s\/5-51-1728083\" class=\"\" target=\"_blank\" rel=\"noopener noreferrer nofollow\" style=\"\">Hav\u00f8rn fra Sm\u00f8la flyr h\u00f8yt i Irland<\/a>\n\n        <div class=\"wprss-feed-meta\">\n            \n                <span class=\"feed-date\">\n        Publisert 16-08-2025\n    <\/span>\n            \n        <\/div>\n\n        \n    <\/li>    <li class=\"wpra-item feed-item \">\n        <a href=\"https:\/\/www.tk.no\/arild-fjerner-ikke-smor-det-ekte-og-lokale-er-vare-grunnleggende-verdier-da-fjerner-vi-ikke-ekte-mat\/s\/5-51-1727642\" class=\"\" target=\"_blank\" rel=\"noopener noreferrer nofollow\" style=\"\">Arild fjerner ikke sm\u00f8r: \u2013 Det ekte og lokale er v\u00e5re grunnleggende verdier, da fjerner vi ikke ekte mat<\/a>\n\n        <div class=\"wprss-feed-meta\">\n            \n                <span class=\"feed-date\">\n        Publisert 16-08-2025\n    <\/span>\n            \n        <\/div>\n\n        \n    <\/li>    <li class=\"wpra-item feed-item \">\n        <a href=\"https:\/\/www.tk.no\/full-fart-pa-gokartbane-det-gikk-for-fort-i-starten-jeg-ville-sjekke-grensene\/s\/5-51-1727218\" class=\"\" target=\"_blank\" rel=\"noopener noreferrer nofollow\" style=\"\">Full fart p\u00e5 gokartbane: \u2013 Det gikk for fort i starten, jeg ville sjekke grensene<\/a>\n\n        <div class=\"wprss-feed-meta\">\n            \n                <span class=\"feed-date\">\n        Publisert 16-08-2025\n    <\/span>\n            \n        <\/div>\n\n        \n    <\/li>\n        <\/ul>\n    <\/div> <\/div><\/p>\n<p><b>Nyheter fra Politiet i M\u00f8re og Romsdal: <\/b><br \/>\n<style>\n       .errordiv { padding:10px; margin:10px; border: 1px solid #555555;color: #000000;background-color: #f8f8f8; width:500px; }#advanced_iframe {visibility:visible;opacity:1;vertical-align:top;}.ai-info-bottom-iframe { position: fixed; z-index: 10000; bottom:0; left: 0; margin: 0px; text-align: center; width: 100%; background-color: #ff9999; padding-left: 5px;padding-bottom: 5px; border-top: 1px solid #aaa } a.ai-bold {font-weight: bold;}#ai-layer-div-advanced_iframe p {height:100%;margin:0;padding:0}<\/style><script type=\"text\/javascript\">var ai_iframe_width_advanced_iframe = 0;var ai_iframe_height_advanced_iframe = 0;function aiReceiveMessageadvanced_iframe(event) {  aiProcessMessage(event,\"advanced_iframe\", \"true\",\"\",\"false\",\"false\");}if (window.addEventListener) {  window.addEventListener(\"message\", aiReceiveMessageadvanced_iframe);} else if (el.attachEvent)  {  el.attachEvent(\"message\", aiReceiveMessageadvanced_iframe);}var aiOnloadScrollTop=\"true\";var aiShowDebug=false;\n\t\tif (typeof aiReadyCallbacks === 'undefined') {\n\t\t\tvar aiReadyCallbacks = [];\n\t\t} else if (!(aiReadyCallbacks instanceof Array)) {\n\t\t\tvar aiReadyCallbacks = [];\n\t\t}    function aiShowIframeId(id_iframe) { jQuery(\"#\"+id_iframe).css(\"visibility\", \"visible\");    }    function aiResizeIframeHeight(height) { aiResizeIframeHeight(height,advanced_iframe); }    function aiResizeIframeHeightId(height,width,id) {aiResizeIframeHeightById(id,height);}<\/script><iframe id=\"advanced_iframe\"  name=\"advanced_iframe\"  src=\"https:\/\/www.politiet.no\/nyheter-og-presse\/more-og-romsdal\"  width=\"100%\"  height=\"600\"  frameborder=\"0\"  border=\"0\"  allowtransparency=\"true\"  loading=\"lazy\"  style=\";border-width: 0px;;border: none;;width:100%;;height:600px;\" ><\/iframe><script type=\"text\/javascript\">var ifrm_advanced_iframe = document.getElementById(\"advanced_iframe\");var hiddenTabsDoneadvanced_iframe = false;\nfunction resizeCallbackadvanced_iframe() {}<\/script><script type=\"text\/javascript\"><\/script><p style=\"display:block !important; visibility:visible !important;margin: -18px 14px 0 0;padding-left: 3px;padding-top:3px;background: white; overflow: hidden; position: relative; line-height:15px;width: fit-content;\"><small style=\"display:block !important;visibility:visible !important\">powered by Advanced iFrame<\/small><\/p><\/p>\n<p>&nbsp;<\/p>\n<p>&nbsp;<\/p>\n<p><b>Nyheter ra Tingvoll Kommune:<\/b><br \/>\n<a href=\"https:\/\/www.tingvoll.kommune.no\/aktuelt\/\" target=\"_blank\" rel=\"noreferrer noopener\">Nyheter fra Tingvoll Kommune finner du her: <\/a><\/p>\n","protected":false},"excerpt":{"rendered":"<p>Her kan du lese nyheter fra rundt omkring Tingvoll. (NB: Hvis det er pluss saker, s\u00e5 m\u00e5 du selv ha et gyldig abonnement). Nyheter fra Tingvoll Idrettslag: [rss_modern_featured_scrape url=&raquo;https:\/\/tingvollil.no\/feed\/&raquo; antall=&raquo;5&#8243; ord=&raquo;25&#8243;] Nyheter fra Romsdals Budstikke: [rss_modern_featured_scrape url=&raquo;https:\/\/www.rbnett.no\/?service=rssfeed&raquo; antall=&raquo;5&#8243; ord=&raquo;25&#8243;] Nyheter fra NRK M\u00f8re og Romsdal: [rss_modern_featured_scrape url=&raquo;https:\/\/www.nrk.no\/mr\/siste.rss&raquo; antall=&raquo;5&#8243; ord=&raquo;25&#8243;] Nyheter fra Driva: [rss_modern_featured_scrape url=&raquo;https:\/\/www.driva.no\/?service=rssfeed&raquo; antall=&raquo;5&#8243; &#8230; <a title=\"Nyheter\" class=\"read-more\" href=\"https:\/\/tingvoll.net\/index.php\/nyheter-2\/\" aria-label=\"Read more about Nyheter\">Les mer<\/a><\/p>\n","protected":false},"author":10,"featured_media":0,"parent":0,"menu_order":0,"comment_status":"closed","ping_status":"closed","template":"","meta":{"footnotes":""},"class_list":["post-398","page","type-page","status-publish"],"_links":{"self":[{"href":"https:\/\/tingvoll.net\/index.php\/wp-json\/wp\/v2\/pages\/398","targetHints":{"allow":["GET"]}}],"collection":[{"href":"https:\/\/tingvoll.net\/index.php\/wp-json\/wp\/v2\/pages"}],"about":[{"href":"https:\/\/tingvoll.net\/index.php\/wp-json\/wp\/v2\/types\/page"}],"author":[{"embeddable":true,"href":"https:\/\/tingvoll.net\/index.php\/wp-json\/wp\/v2\/users\/10"}],"replies":[{"embeddable":true,"href":"https:\/\/tingvoll.net\/index.php\/wp-json\/wp\/v2\/comments?post=398"}],"version-history":[{"count":7,"href":"https:\/\/tingvoll.net\/index.php\/wp-json\/wp\/v2\/pages\/398\/revisions"}],"predecessor-version":[{"id":42777,"href":"https:\/\/tingvoll.net\/index.php\/wp-json\/wp\/v2\/pages\/398\/revisions\/42777"}],"wp:attachment":[{"href":"https:\/\/tingvoll.net\/index.php\/wp-json\/wp\/v2\/media?parent=398"}],"curies":[{"name":"wp","href":"https:\/\/api.w.org\/{rel}","templated":true}]}}